{"id":1379,"date":"2017-09-23T11:32:07","date_gmt":"2017-09-23T09:32:07","guid":{"rendered":"http:\/\/www.pierresuchet.com\/?page_id=1379"},"modified":"2025-02-12T17:40:33","modified_gmt":"2025-02-12T16:40:33","slug":"publications","status":"publish","type":"page","link":"https:\/\/www.pierresuchet.com\/?page_id=1379","title":{"rendered":"Livres"},"content":{"rendered":"\n\n\n<p><span style=\"font-size: 20px;\"><strong>Sur les traces du Furan &#8211; Une enqu\u00eate photographique \/ Dani\u00e8le M\u00e9aux, Pierre Suchet. Editions Filigranes (2024)<\/strong><\/span><\/p>\n<p><img loading=\"lazy\" decoding=\"async\" class=\"aligncenter size-full wp-image-3329\" src=\"https:\/\/www.pierresuchet.com\/Photo\/wp-content\/uploads\/2025\/02\/Livre_Furan_Couverture_et_Leporello_Website_V2.jpg\" alt=\"\" width=\"905\" height=\"603\" srcset=\"https:\/\/www.pierresuchet.com\/Photo\/wp-content\/uploads\/2025\/02\/Livre_Furan_Couverture_et_Leporello_Website_V2.jpg 905w, https:\/\/www.pierresuchet.com\/Photo\/wp-content\/uploads\/2025\/02\/Livre_Furan_Couverture_et_Leporello_Website_V2-300x200.jpg 300w, https:\/\/www.pierresuchet.com\/Photo\/wp-content\/uploads\/2025\/02\/Livre_Furan_Couverture_et_Leporello_Website_V2-768x512.jpg 768w, https:\/\/www.pierresuchet.com\/Photo\/wp-content\/uploads\/2025\/02\/Livre_Furan_Couverture_et_Leporello_Website_V2-280x187.jpg 280w\" sizes=\"auto, (max-width: 905px) 100vw, 905px\" \/><\/p>\n<p><strong>Le propos :<\/strong> <br>Le Furan demeure quasiment invisible au sein de la ville de Saint-\u00c9tienne.<br>Le photographe Pierre Suchet a arpent\u00e9 ses rives, de sa source (au Bessat) jusqu\u2019\u00e0 sa confluence avec la Loire (\u00e0 Andr\u00e9zieux-Bouth\u00e9on).<br>Au minutieux travail de prises de vues sont conjugu\u00e9es les r\u00e9flexions de g\u00e9ographes, d\u2019historiens\u2026 ou de sp\u00e9cialistes des images, afin d\u2019examiner les rapports qui se sont \u00e9tablis, au fil du temps, entre les hommes et la rivi\u00e8re. Les photographies contemporaines rencontrent \u00e9galement, dans cet ouvrage, toute une vari\u00e9t\u00e9 de repr\u00e9sentations plus anciennes.<br>Cette approche dialogique a \u00e9t\u00e9 consciemment choisie afin d\u2019essayer de restituer la complexit\u00e9 des usages des habitants du bassin-versant et de leurs affects \u00e0 l\u2019\u00e9gard du cours d\u2019eau. Elle est aussi d\u00e9termin\u00e9e par le d\u00e9sir de pousser le lecteur \u00e0 s\u2019investir lui-m\u00eame dans une forme d\u2019investigation.<\/p>\n<p><strong>Avec les contributions de :<\/strong><br>Jean-Luc Bayard, Anne-C\u00e9line Callens, Michel Depeyre, Pierre-R\u00e9gis Dupuy, Georges Gay, Georges-Henry Laffont, Pierre-Olivier Mazagol, \u00c9ric Perrin, Jonathan Tichit.<\/p>\n<p>&nbsp;<\/p>\n<p>Publi\u00e9 aux \u00e9ditions <strong>Filigranes<\/strong> (parution en octobre 2024) : <a href=\"https:\/\/www.filigranes.com\/livre\/sur-les-traces-du-furan\/\" target=\"_blank\" rel=\"noopener\">https:\/\/www.filigranes.com\/livre\/sur-les-traces-du-furan\/<\/a><\/p>\n<p>&nbsp;<\/p>\n\n\n\n<h5 class=\"wp-block-heading\"><strong><span style=\"font-size: 18px;\">Lyon 1er : 36 poses aller &#8211; 36 poses retour (2018)<\/span><br><\/strong><\/h5>\n\n\n\n<p class=\"wp-block-heading has-normal-font-size\">2 livrets r\u00e9alis\u00e9s dans le cadre du festival 9PH \u00ab\u00a0Images-Fronti\u00e8res\u00a0\u00bb \u00e0 Lyon en 2018.<\/p>\n\n\n\n<p class=\"has-normal-font-size\"><em>Format A5. 40 pages chacun. 2 x 36 photos argentiques. <\/em><br><em>Imprim\u00e9 et reli\u00e9 par <a href=\"http:\/\/ooblik.com\/\">Atelier Ooblik<\/a> en 30 exemplaires. <\/em><br><em>Prix 16 euros les 2 livrets (hors frais de port). Disponible<\/em><\/p>\n\n\n\n<h6 class=\"wp-block-heading\"><figure><iframe loading=\"lazy\" src=\"https:\/\/e.issuu.com\/anonymous-embed.html?u=pierresuchet&amp;d=livret_lyon_1er_-_36_poses_aller\" allowfullscreen=\"allowfullscreen\" width=\"800\" height=\"500\" frameborder=\"0\"><\/iframe><\/figure><\/h6>\n\n\n\n<h6 class=\"wp-block-heading\"><figure><iframe loading=\"lazy\" src=\"https:\/\/e.issuu.com\/anonymous-embed.html?u=pierresuchet&amp;d=livret_lyon_1er_-_36_poses_retour\" allowfullscreen=\"allowfullscreen\" width=\"800\" height=\"500\" frameborder=\"0\"><\/iframe><\/figure><\/h6>\n\n\n\n<h6 class=\"wp-block-heading\">&nbsp;<\/h6>\n\n\n\n<h5 class=\"wp-block-heading\"><strong><span style=\"font-size: 18px;\">Togo, faire avec en d\u00e9mocrature (2018)<\/span><\/strong><\/h5>\n\n\n\n<p style=\"font-size: 18px;\"><span style=\"font-size: 16px;\"><span id=\"fbPhotoSnowliftCaption\" class=\"fbPhotosPhotoCaption\" tabindex=\"0\" aria-live=\"polite\" data-ft=\"{&quot;tn&quot;:&quot;K&quot;}\"><span class=\"hasCaption\">Livret <\/span><\/span>r\u00e9alis\u00e9 dans le cadre de l&rsquo;exposition \u00e0 la Maison de la d\u00e9mocratie et des droits de l&rsquo;homme \u00e0 Berlin en 2018<\/span><\/p>\n\n\n\n<p class=\"has-normal-font-size\"><em><span id=\"fbPhotoSnowliftCaption\" class=\"fbPhotosPhotoCaption\" tabindex=\"0\" aria-live=\"polite\" data-ft=\"{&quot;tn&quot;:&quot;K&quot;}\" style=\"\"><span class=\"hasCaption\">Format A5. 20 pages. 9 photos argentiques. <\/span><\/span><\/em><br><em><span id=\"fbPhotoSnowliftCaption\" class=\"fbPhotosPhotoCaption\" tabindex=\"0\" aria-live=\"polite\" data-ft=\"{&quot;tn&quot;:&quot;K&quot;}\" style=\"\"><span class=\"hasCaption\">Textes en fran\u00e7ais et en anglais. <\/span><\/span><\/em><br><em><span id=\"fbPhotoSnowliftCaption\" class=\"fbPhotosPhotoCaption\" tabindex=\"0\" aria-live=\"polite\" data-ft=\"{&quot;tn&quot;:&quot;K&quot;}\" style=\"\"><span class=\"hasCaption\">Imprim\u00e9 et reli\u00e9 par <a data-hovercard=\"\/ajax\/hovercard\/page.php?id=635852213202467&amp;extragetparams=%7B%22directed_target_id%22%3A0%7D\" data-hovercard-prefer-more-content-show=\"1\" href=\"http:\/\/ooblik.com\/\">Atelier Ooblik<\/a>. 30 exemplaires. <\/span><\/span><\/em><br><em><span id=\"fbPhotoSnowliftCaption\" class=\"fbPhotosPhotoCaption\" tabindex=\"0\" aria-live=\"polite\" data-ft=\"{&quot;tn&quot;:&quot;K&quot;}\" style=\"\"><span class=\"hasCaption\">Epuis\u00e9<br><\/span><\/span><\/em><\/p>\n\n\n\n<h6 class=\"wp-block-heading\"><figure><iframe loading=\"lazy\" src=\"https:\/\/e.issuu.com\/anonymous-embed.html?u=pierresuchet&amp;d=livret_togo_v2\" allowfullscreen=\"allowfullscreen\" width=\"800\" height=\"500\" frameborder=\"0\"><\/iframe><\/figure><\/h6>\n\n\n\n<h6 class=\"wp-block-heading\">&nbsp;<\/h6>\n\n\n\n<h5 class=\"wp-block-heading\"><strong><span style=\"font-size: 18px;\">Inversion&nbsp; de la courbe (2017)<\/span><\/strong><\/h5>\n\n\n\n<p class=\"has-normal-font-size\"><em><span id=\"fbPhotoSnowliftCaption\" class=\"fbPhotosPhotoCaption\" tabindex=\"0\" aria-live=\"polite\" data-ft=\"{&quot;tn&quot;:&quot;K&quot;}\"><span class=\"hasCaption\">Livret format A5. 16 pages. 13 photos argentiques.<\/span><\/span><\/em><br><em><span id=\"fbPhotoSnowliftCaption\" class=\"fbPhotosPhotoCaption\" tabindex=\"0\" aria-live=\"polite\" data-ft=\"{&quot;tn&quot;:&quot;K&quot;}\"><span class=\"hasCaption\">Imprim\u00e9 et reli\u00e9 par <a data-hovercard=\"\/ajax\/hovercard\/page.php?id=635852213202467&amp;extragetparams=%7B%22directed_target_id%22%3A0%7D\" data-hovercard-prefer-more-content-show=\"1\" href=\"http:\/\/ooblik.com\/\">Atelier Ooblik<\/a>. <\/span><\/span><\/em>2017. <em><span id=\"fbPhotoSnowliftCaption\" class=\"fbPhotosPhotoCaption\" tabindex=\"0\" aria-live=\"polite\" data-ft=\"{&quot;tn&quot;:&quot;K&quot;}\"><span class=\"hasCaption\">30 exemplaires. <\/span><\/span><\/em><br><em><span id=\"fbPhotoSnowliftCaption\" class=\"fbPhotosPhotoCaption\" tabindex=\"0\" aria-live=\"polite\" data-ft=\"{&quot;tn&quot;:&quot;K&quot;}\"><span class=\"hasCaption\">Prix 7 euros (hors frais de port). Disponible<br><\/span><\/span><\/em><\/p>\n\n\n\n<h6 class=\"wp-block-heading\"><figure><iframe loading=\"lazy\" src=\"https:\/\/e.issuu.com\/anonymous-embed.html?u=pierresuchet&amp;d=livret_inversion_courbe_ooblik\" allowfullscreen=\"allowfullscreen\" width=\"800\" height=\"500\" frameborder=\"0\"><\/iframe><\/figure><\/h6>\n\n\n\n<h6 class=\"wp-block-heading\">_________________________________________________________________________________________________<\/h6>\n\n\n\n<h5 class=\"wp-block-heading\"><br><strong><span style=\"font-size: 18px;\">Inversion de la courbe (2017)<\/span><\/strong><\/h5>\n\n\n\n<p class=\"has-normal-font-size\"><em><span id=\"fbPhotoSnowliftCaption\" class=\"fbPhotosPhotoCaption\" tabindex=\"0\" aria-live=\"polite\" data-ft=\"{&quot;tn&quot;:&quot;K&quot;}\"><span class=\"hasCaption\">&lsquo;M\u00e9li-m\u00e9lo&rsquo;. Format A5. <\/span><\/span><\/em><br>8 photos argentiques, 8 noms, 8 adjectifs, 8 compl\u00e9ments : 4 096 combinaisons. <br>Imprim\u00e9 et reli\u00e9 par Atelier Ooblik. 2016. <em><span id=\"fbPhotoSnowliftCaption\" class=\"fbPhotosPhotoCaption\" tabindex=\"0\" aria-live=\"polite\" data-ft=\"{&quot;tn&quot;:&quot;K&quot;}\" style=\"\"><span class=\"hasCaption\">10 exemplaires. Epuis\u00e9<\/span><\/span><\/em><\/p>\n\n\n\n<h6 class=\"wp-block-heading\">&nbsp;<\/h6>\n\n\n\n<h6 class=\"wp-block-heading\"><figure><img loading=\"lazy\" decoding=\"async\" class=\"size-full wp-image-1060 alignleft\" src=\"https:\/\/www.pierresuchet.com\/Photo\/wp-content\/uploads\/2016\/07\/MG_2294.jpg\" alt=\"\" width=\"857\" height=\"600\" srcset=\"https:\/\/www.pierresuchet.com\/Photo\/wp-content\/uploads\/2016\/07\/MG_2294.jpg 857w, https:\/\/www.pierresuchet.com\/Photo\/wp-content\/uploads\/2016\/07\/MG_2294-300x210.jpg 300w, https:\/\/www.pierresuchet.com\/Photo\/wp-content\/uploads\/2016\/07\/MG_2294-768x538.jpg 768w, https:\/\/www.pierresuchet.com\/Photo\/wp-content\/uploads\/2016\/07\/MG_2294-280x196.jpg 280w\" sizes=\"auto, (max-width: 857px) 100vw, 857px\" \/><\/figure><\/h6>\n\n\n\n<h6 class=\"wp-block-heading\">&nbsp;<\/h6>\n\n\n\n<h6 class=\"wp-block-heading\">&nbsp;<\/h6>\n\n\n\n<h6 class=\"wp-block-heading\">\u00a0<\/h6>\n\n\n\n<h6 class=\"wp-block-heading\">&nbsp;<\/h6>\n\n\n\n<h6 class=\"wp-block-heading\"><figure><img loading=\"lazy\" decoding=\"async\" class=\"size-full wp-image-1413 alignleft\" src=\"https:\/\/www.pierresuchet.com\/Photo\/wp-content\/uploads\/2017\/09\/23092017-_MG_2789.jpg\" alt=\"\" width=\"900\" height=\"600\" srcset=\"https:\/\/www.pierresuchet.com\/Photo\/wp-content\/uploads\/2017\/09\/23092017-_MG_2789.jpg 900w, https:\/\/www.pierresuchet.com\/Photo\/wp-content\/uploads\/2017\/09\/23092017-_MG_2789-300x200.jpg 300w, https:\/\/www.pierresuchet.com\/Photo\/wp-content\/uploads\/2017\/09\/23092017-_MG_2789-768x512.jpg 768w, https:\/\/www.pierresuchet.com\/Photo\/wp-content\/uploads\/2017\/09\/23092017-_MG_2789-280x187.jpg 280w\" sizes=\"auto, (max-width: 900px) 100vw, 900px\" \/><\/figure><\/h6>\n\n\n\n<h6 class=\"wp-block-heading\"><br><br>_____________________________________________________________________________________________<\/h6>\n\n\n\n<h5 class=\"wp-block-heading\"><span style=\"font-size: 18px;\"><strong>Inversion de la courbe (2016)<\/strong><\/span><\/h5>\n\n\n\n<p class=\"has-normal-font-size\"><em><span id=\"fbPhotoSnowliftCaption\" class=\"tadv-format-panel fbPhotosPhotoCaption\" tabindex=\"0\" aria-live=\"polite\" data-ft=\"{&quot;tn&quot;:&quot;K&quot;}\"><span class=\"tadv-format-panel hasCaption\">Leporello. Format pli\u00e9 : 7 x 9 cm. D\u00e9pli\u00e9 : 43 x 9cm. Recto-Verso. 11 photos argentiques + titres. Imprim\u00e9 par Saal-Digital. <\/span><\/span><\/em>2016. <em><span id=\"fbPhotoSnowliftCaption\" class=\"tadv-format-panel fbPhotosPhotoCaption\" tabindex=\"0\" aria-live=\"polite\" data-ft=\"{&quot;tn&quot;:&quot;K&quot;}\"><span class=\"tadv-format-panel hasCaption\">50 exemplaires. Prix 5 euros (hors frais de port). Disponible<\/span><\/span><\/em><br><em><span id=\"fbPhotoSnowliftCaption\" class=\"tadv-format-panel fbPhotosPhotoCaption\" tabindex=\"0\" aria-live=\"polite\" data-ft=\"{&quot;tn&quot;:&quot;K&quot;}\"><span class=\"tadv-format-panel hasCaption\"><\/span><\/span><\/em><\/p>\n\n\n\n<h6 class=\"wp-block-heading\"><figure><img loading=\"lazy\" decoding=\"async\" class=\"size-full wp-image-1415 alignleft\" src=\"https:\/\/www.pierresuchet.com\/Photo\/wp-content\/uploads\/2017\/09\/MG_2299-1.jpg\" alt=\"\" width=\"900\" height=\"600\" srcset=\"https:\/\/www.pierresuchet.com\/Photo\/wp-content\/uploads\/2017\/09\/MG_2299-1.jpg 900w, https:\/\/www.pierresuchet.com\/Photo\/wp-content\/uploads\/2017\/09\/MG_2299-1-300x200.jpg 300w, https:\/\/www.pierresuchet.com\/Photo\/wp-content\/uploads\/2017\/09\/MG_2299-1-768x512.jpg 768w, https:\/\/www.pierresuchet.com\/Photo\/wp-content\/uploads\/2017\/09\/MG_2299-1-280x187.jpg 280w\" sizes=\"auto, (max-width: 900px) 100vw, 900px\" \/><\/figure><\/h6>\n\n\n\n<p><\/p>\n\n\n\n<p><\/p>\n\n\n\n<h5 class=\"wp-block-heading\"><br><strong><span style=\"font-size: 18px;\">Togo, faire avec en d\u00e9mocrature (2016)<\/span><\/strong><\/h5>\n\n\n\n<p class=\"has-normal-font-size\"><em><span id=\"fbPhotoSnowliftCaption\" class=\"fbPhotosPhotoCaption\" tabindex=\"0\" aria-live=\"polite\" data-ft=\"{&quot;tn&quot;:&quot;K&quot;}\"><span class=\"hasCaption\">Livret format A5. 24 pages. 10 photos. 9 textes. <\/span><\/span><\/em><br><em><span id=\"fbPhotoSnowliftCaption\" class=\"fbPhotosPhotoCaption\" tabindex=\"0\" aria-live=\"polite\" data-ft=\"{&quot;tn&quot;:&quot;K&quot;}\"><span class=\"hasCaption\">Imprim\u00e9 par <a id=\"js_149\" data-hovercard=\"\/ajax\/hovercard\/page.php?id=635852213202467&amp;extragetparams=%7B%22directed_target_id%22%3A0%7D\" data-hovercard-prefer-more-content-show=\"1\" aria-controls=\"js_147\" aria-haspopup=\"true\" aria-describedby=\"js_148\" href=\"http:\/\/ooblik.com\/\">Atelier Ooblik<\/a><\/span><\/span>. 2016. 30 exemplaires. Epuis\u00e9<\/em><\/p>\n\n\n<div class=\"wp-block-image\">\n<figure class=\"alignleft\"><img loading=\"lazy\" decoding=\"async\" width=\"900\" height=\"600\" src=\"https:\/\/www.pierresuchet.com\/Photo\/wp-content\/uploads\/2016\/07\/MG_2288.jpg\" alt=\"\" class=\"wp-image-1058\" srcset=\"https:\/\/www.pierresuchet.com\/Photo\/wp-content\/uploads\/2016\/07\/MG_2288.jpg 900w, https:\/\/www.pierresuchet.com\/Photo\/wp-content\/uploads\/2016\/07\/MG_2288-300x200.jpg 300w, https:\/\/www.pierresuchet.com\/Photo\/wp-content\/uploads\/2016\/07\/MG_2288-768x512.jpg 768w, https:\/\/www.pierresuchet.com\/Photo\/wp-content\/uploads\/2016\/07\/MG_2288-280x187.jpg 280w\" sizes=\"auto, (max-width: 900px) 100vw, 900px\" \/><\/figure>\n<\/div>\n\n<div class=\"wp-block-image\">\n<figure class=\"alignleft\"><img loading=\"lazy\" decoding=\"async\" width=\"900\" height=\"600\" src=\"https:\/\/www.pierresuchet.com\/Photo\/wp-content\/uploads\/2016\/07\/MG_2293.jpg\" alt=\"\" class=\"wp-image-1059\" srcset=\"https:\/\/www.pierresuchet.com\/Photo\/wp-content\/uploads\/2016\/07\/MG_2293.jpg 900w, https:\/\/www.pierresuchet.com\/Photo\/wp-content\/uploads\/2016\/07\/MG_2293-300x200.jpg 300w, https:\/\/www.pierresuchet.com\/Photo\/wp-content\/uploads\/2016\/07\/MG_2293-768x512.jpg 768w, https:\/\/www.pierresuchet.com\/Photo\/wp-content\/uploads\/2016\/07\/MG_2293-280x187.jpg 280w\" sizes=\"auto, (max-width: 900px) 100vw, 900px\" \/><\/figure>\n<\/div>","protected":false},"excerpt":{"rendered":"<p>Sur les traces du Furan &#8211; Une enqu\u00eate photographique \/ Dani\u00e8le M\u00e9aux, Pierre Suchet. Editions Filigranes (2024) Le propos : Le Furan demeure quasiment invisible au sein de la ville de Saint-\u00c9tienne.Le photographe Pierre Suchet a arpent\u00e9 ses rives, de sa source (au Bessat) jusqu\u2019\u00e0 sa confluence avec la Loire (\u00e0 Andr\u00e9zieux-Bouth\u00e9on).Au minutieux travail de&#8230;<\/p>\n","protected":false},"author":1,"featured_media":0,"parent":0,"menu_order":0,"comment_status":"closed","ping_status":"closed","template":"","meta":{"_monsterinsights_skip_tracking":false,"_monsterinsights_sitenote_active":false,"_monsterinsights_sitenote_note":"","_monsterinsights_sitenote_category":0,"ngg_post_thumbnail":0,"footnotes":""},"class_list":["post-1379","page","type-page","status-publish","hentry"],"_links":{"self":[{"href":"https:\/\/www.pierresuchet.com\/index.php?rest_route=\/wp\/v2\/pages\/1379","targetHints":{"allow":["GET"]}}],"collection":[{"href":"https:\/\/www.pierresuchet.com\/index.php?rest_route=\/wp\/v2\/pages"}],"about":[{"href":"https:\/\/www.pierresuchet.com\/index.php?rest_route=\/wp\/v2\/types\/page"}],"author":[{"embeddable":true,"href":"https:\/\/www.pierresuchet.com\/index.php?rest_route=\/wp\/v2\/users\/1"}],"replies":[{"embeddable":true,"href":"https:\/\/www.pierresuchet.com\/index.php?rest_route=%2Fwp%2Fv2%2Fcomments&post=1379"}],"version-history":[{"count":44,"href":"https:\/\/www.pierresuchet.com\/index.php?rest_route=\/wp\/v2\/pages\/1379\/revisions"}],"predecessor-version":[{"id":3369,"href":"https:\/\/www.pierresuchet.com\/index.php?rest_route=\/wp\/v2\/pages\/1379\/revisions\/3369"}],"wp:attachment":[{"href":"https:\/\/www.pierresuchet.com\/index.php?rest_route=%2Fwp%2Fv2%2Fmedia&parent=1379"}],"curies":[{"name":"wp","href":"https:\/\/api.w.org\/{rel}","templated":true}]}}