{"id":2281,"date":"2020-09-11T11:28:10","date_gmt":"2020-09-11T09:28:10","guid":{"rendered":"http:\/\/www.pierresuchet.com\/?page_id=2281"},"modified":"2022-10-17T21:58:21","modified_gmt":"2022-10-17T19:58:21","slug":"geo-photographies","status":"publish","type":"page","link":"https:\/\/www.pierresuchet.com\/?page_id=2281","title":{"rendered":"G\u00e9o-Photographies"},"content":{"rendered":"\n<p>Les s\u00e9ries pr\u00e9sent\u00e9es ici s&rsquo;inscrivent dans les d\u00e9marches analys\u00e9es par Dani\u00e8le M\u00e9aux dans son essai <a href=\"https:\/\/www.filigranes.com\/livre\/geo-photographies\/\">&lsquo;G\u00e9o-Photographies, une approche renouvell\u00e9e des territoires&rsquo;, publi\u00e9 aux \u00e9ditions Filigranes<\/a>.<\/p>\n<ul>\n<li><strong><a href=\"https:\/\/www.pierresuchet.com\/?page_id=648\">A la recherche de la rivi\u00e8re Ni\u00e8vre<\/a><\/strong> : un parcours cartographique le long de la rivi\u00e8re lors de sa travers\u00e9e de l&rsquo;agglom\u00e9ration de Nevers<\/li>\n<\/ul>\n<p><img loading=\"lazy\" decoding=\"async\" class=\"aligncenter size-medium wp-image-2011\" src=\"https:\/\/www.pierresuchet.com\/Photo\/wp-content\/uploads\/2020\/02\/Riviere-Nievre-Carte-00033-300x300.jpg\" alt=\"\" width=\"300\" height=\"300\" srcset=\"https:\/\/www.pierresuchet.com\/Photo\/wp-content\/uploads\/2020\/02\/Riviere-Nievre-Carte-00033-300x300.jpg 300w, https:\/\/www.pierresuchet.com\/Photo\/wp-content\/uploads\/2020\/02\/Riviere-Nievre-Carte-00033-150x150.jpg 150w, https:\/\/www.pierresuchet.com\/Photo\/wp-content\/uploads\/2020\/02\/Riviere-Nievre-Carte-00033-768x768.jpg 768w, https:\/\/www.pierresuchet.com\/Photo\/wp-content\/uploads\/2020\/02\/Riviere-Nievre-Carte-00033-280x280.jpg 280w, https:\/\/www.pierresuchet.com\/Photo\/wp-content\/uploads\/2020\/02\/Riviere-Nievre-Carte-00033.jpg 800w\" sizes=\"auto, (max-width: 300px) 100vw, 300px\" \/><\/p>\n<ul>\n<li><a href=\"https:\/\/www.pierresuchet.com\/?page_id=2761\" target=\"_blank\" rel=\"noopener\"><strong>L&rsquo;Yzeron<\/strong><\/a> : une remont\u00e9e du cours d&rsquo;eau sur le territoire de la m\u00e9tropole de Lyon<\/li>\n<\/ul>\n<p style=\"text-align: center;\"><img loading=\"lazy\" decoding=\"async\" class=\"aligncenter size-medium wp-image-2762\" src=\"https:\/\/www.pierresuchet.com\/Photo\/wp-content\/uploads\/2022\/10\/SUCHET_Yzeron-11-300x209.jpg\" alt=\"\" width=\"300\" height=\"209\" srcset=\"https:\/\/www.pierresuchet.com\/Photo\/wp-content\/uploads\/2022\/10\/SUCHET_Yzeron-11-300x209.jpg 300w, https:\/\/www.pierresuchet.com\/Photo\/wp-content\/uploads\/2022\/10\/SUCHET_Yzeron-11-1024x715.jpg 1024w, https:\/\/www.pierresuchet.com\/Photo\/wp-content\/uploads\/2022\/10\/SUCHET_Yzeron-11-768x536.jpg 768w, https:\/\/www.pierresuchet.com\/Photo\/wp-content\/uploads\/2022\/10\/SUCHET_Yzeron-11-950x663.jpg 950w, https:\/\/www.pierresuchet.com\/Photo\/wp-content\/uploads\/2022\/10\/SUCHET_Yzeron-11-280x195.jpg 280w, https:\/\/www.pierresuchet.com\/Photo\/wp-content\/uploads\/2022\/10\/SUCHET_Yzeron-11.jpg 1433w\" sizes=\"auto, (max-width: 300px) 100vw, 300px\" \/><\/p>\n<ul>\n<li><strong><a href=\"https:\/\/www.pierresuchet.com\/?p=1639\">Lyon 1er &#8211; 36 poses aller-retour<\/a><\/strong> : une exploration des fronti\u00e8res du 1er arrondissement de Lyon<\/li>\n<\/ul>\n<p><img loading=\"lazy\" decoding=\"async\" class=\"aligncenter size-medium wp-image-2282\" src=\"https:\/\/www.pierresuchet.com\/Photo\/wp-content\/uploads\/2020\/09\/Sens-Horaire-31-300x200.jpg\" alt=\"\" width=\"300\" height=\"200\" srcset=\"https:\/\/www.pierresuchet.com\/Photo\/wp-content\/uploads\/2020\/09\/Sens-Horaire-31-300x200.jpg 300w, https:\/\/www.pierresuchet.com\/Photo\/wp-content\/uploads\/2020\/09\/Sens-Horaire-31-1024x682.jpg 1024w, https:\/\/www.pierresuchet.com\/Photo\/wp-content\/uploads\/2020\/09\/Sens-Horaire-31-768x512.jpg 768w, https:\/\/www.pierresuchet.com\/Photo\/wp-content\/uploads\/2020\/09\/Sens-Horaire-31-1536x1023.jpg 1536w, https:\/\/www.pierresuchet.com\/Photo\/wp-content\/uploads\/2020\/09\/Sens-Horaire-31-950x633.jpg 950w, https:\/\/www.pierresuchet.com\/Photo\/wp-content\/uploads\/2020\/09\/Sens-Horaire-31-280x186.jpg 280w, https:\/\/www.pierresuchet.com\/Photo\/wp-content\/uploads\/2020\/09\/Sens-Horaire-31.jpg 1575w\" sizes=\"auto, (max-width: 300px) 100vw, 300px\" \/><\/p>\n<ul>\n<li><strong><a href=\"https:\/\/www.pierresuchet.com\/?page_id=890\">Stalker &#8211; Rep\u00e9rages<\/a><\/strong> : une qu\u00eate des traces laiss\u00e9es par le chef d&rsquo;oeuvre d&rsquo;Andre\u00ef Tarkovski, \u00e0 Tallinn (Estonie) sur les lieux du tournage du film<\/li>\n<\/ul>\n<p><img loading=\"lazy\" decoding=\"async\" class=\"aligncenter size-medium wp-image-891\" src=\"https:\/\/www.pierresuchet.com\/Photo\/wp-content\/uploads\/2015\/04\/Stalker-10-300x294.jpg\" alt=\"\" width=\"300\" height=\"294\" srcset=\"https:\/\/www.pierresuchet.com\/Photo\/wp-content\/uploads\/2015\/04\/Stalker-10-300x294.jpg 300w, https:\/\/www.pierresuchet.com\/Photo\/wp-content\/uploads\/2015\/04\/Stalker-10-280x274.jpg 280w, https:\/\/www.pierresuchet.com\/Photo\/wp-content\/uploads\/2015\/04\/Stalker-10.jpg 613w\" sizes=\"auto, (max-width: 300px) 100vw, 300px\" \/><\/p>\n<ul>\n<li><a href=\"https:\/\/www.pierresuchet.com\/?p=934\"><strong>Arles-Lyon toutes les 8 minutes<\/strong><\/a> : la mise en oeuvre d&rsquo;un protocole de prise de vue pour analyser l&rsquo;\u00e9cart entre la m\u00e9moire d&rsquo;un paysage et sa r\u00e9alit\u00e9<\/li>\n<\/ul>\n<p><img loading=\"lazy\" decoding=\"async\" class=\"aligncenter wp-image-2283 size-large\" src=\"https:\/\/www.pierresuchet.com\/Photo\/wp-content\/uploads\/2020\/09\/Train-Arles-Lyon-23-1024x372.jpg\" alt=\"\" width=\"950\" height=\"345\" srcset=\"https:\/\/www.pierresuchet.com\/Photo\/wp-content\/uploads\/2020\/09\/Train-Arles-Lyon-23-1024x372.jpg 1024w, https:\/\/www.pierresuchet.com\/Photo\/wp-content\/uploads\/2020\/09\/Train-Arles-Lyon-23-300x109.jpg 300w, https:\/\/www.pierresuchet.com\/Photo\/wp-content\/uploads\/2020\/09\/Train-Arles-Lyon-23-768x279.jpg 768w, https:\/\/www.pierresuchet.com\/Photo\/wp-content\/uploads\/2020\/09\/Train-Arles-Lyon-23-1536x558.jpg 1536w, https:\/\/www.pierresuchet.com\/Photo\/wp-content\/uploads\/2020\/09\/Train-Arles-Lyon-23-950x345.jpg 950w, https:\/\/www.pierresuchet.com\/Photo\/wp-content\/uploads\/2020\/09\/Train-Arles-Lyon-23-280x102.jpg 280w, https:\/\/www.pierresuchet.com\/Photo\/wp-content\/uploads\/2020\/09\/Train-Arles-Lyon-23.jpg 1651w\" sizes=\"auto, (max-width: 950px) 100vw, 950px\" \/><\/p>\n<p>\u00a0<\/p>\n\n\n\n\n\n<ul style=\"list-style-type: disc;\">\n<li><a href=\"https:\/\/www.pierresuchet.com\/?p=2729\">Le Lez et le Verdanson<\/a> : un parcours le long des berges du Verdanson et du Lez \u00e0 Montpellier<\/li>\n<\/ul>\n\n\n\n<figure class=\"wp-block-image size-large\"><a href=\"https:\/\/www.pierresuchet.com\/Photo\/wp-content\/uploads\/2022\/10\/Lez-15-scaled.jpg\"><img loading=\"lazy\" decoding=\"async\" width=\"1024\" height=\"390\" src=\"https:\/\/www.pierresuchet.com\/Photo\/wp-content\/uploads\/2022\/10\/Lez-15-1024x390.jpg\" alt=\"\" class=\"wp-image-2736\" srcset=\"https:\/\/www.pierresuchet.com\/Photo\/wp-content\/uploads\/2022\/10\/Lez-15-1024x390.jpg 1024w, https:\/\/www.pierresuchet.com\/Photo\/wp-content\/uploads\/2022\/10\/Lez-15-300x114.jpg 300w, https:\/\/www.pierresuchet.com\/Photo\/wp-content\/uploads\/2022\/10\/Lez-15-768x292.jpg 768w, https:\/\/www.pierresuchet.com\/Photo\/wp-content\/uploads\/2022\/10\/Lez-15-1536x584.jpg 1536w, https:\/\/www.pierresuchet.com\/Photo\/wp-content\/uploads\/2022\/10\/Lez-15-2048x779.jpg 2048w, https:\/\/www.pierresuchet.com\/Photo\/wp-content\/uploads\/2022\/10\/Lez-15-950x361.jpg 950w, https:\/\/www.pierresuchet.com\/Photo\/wp-content\/uploads\/2022\/10\/Lez-15-280x107.jpg 280w\" sizes=\"auto, (max-width: 1024px) 100vw, 1024px\" \/><\/a><\/figure>\n","protected":false},"excerpt":{"rendered":"<p>Les s\u00e9ries pr\u00e9sent\u00e9es ici s&rsquo;inscrivent dans les d\u00e9marches analys\u00e9es par Dani\u00e8le M\u00e9aux dans son essai &lsquo;G\u00e9o-Photographies, une approche renouvell\u00e9e des territoires&rsquo;, publi\u00e9 aux \u00e9ditions Filigranes. A la recherche de la rivi\u00e8re Ni\u00e8vre : un parcours cartographique le long de la rivi\u00e8re lors de sa travers\u00e9e de l&rsquo;agglom\u00e9ration de Nevers L&rsquo;Yzeron : une remont\u00e9e du cours&#8230;<\/p>\n","protected":false},"author":1,"featured_media":0,"parent":0,"menu_order":0,"comment_status":"closed","ping_status":"closed","template":"","meta":{"_monsterinsights_skip_tracking":false,"_monsterinsights_sitenote_active":false,"_monsterinsights_sitenote_note":"","_monsterinsights_sitenote_category":0,"ngg_post_thumbnail":0,"footnotes":""},"class_list":["post-2281","page","type-page","status-publish","hentry"],"_links":{"self":[{"href":"https:\/\/www.pierresuchet.com\/index.php?rest_route=\/wp\/v2\/pages\/2281","targetHints":{"allow":["GET"]}}],"collection":[{"href":"https:\/\/www.pierresuchet.com\/index.php?rest_route=\/wp\/v2\/pages"}],"about":[{"href":"https:\/\/www.pierresuchet.com\/index.php?rest_route=\/wp\/v2\/types\/page"}],"author":[{"embeddable":true,"href":"https:\/\/www.pierresuchet.com\/index.php?rest_route=\/wp\/v2\/users\/1"}],"replies":[{"embeddable":true,"href":"https:\/\/www.pierresuchet.com\/index.php?rest_route=%2Fwp%2Fv2%2Fcomments&post=2281"}],"version-history":[{"count":9,"href":"https:\/\/www.pierresuchet.com\/index.php?rest_route=\/wp\/v2\/pages\/2281\/revisions"}],"predecessor-version":[{"id":2770,"href":"https:\/\/www.pierresuchet.com\/index.php?rest_route=\/wp\/v2\/pages\/2281\/revisions\/2770"}],"wp:attachment":[{"href":"https:\/\/www.pierresuchet.com\/index.php?rest_route=%2Fwp%2Fv2%2Fmedia&parent=2281"}],"curies":[{"name":"wp","href":"https:\/\/api.w.org\/{rel}","templated":true}]}}