{"id":2761,"date":"2022-10-17T21:38:25","date_gmt":"2022-10-17T19:38:25","guid":{"rendered":"https:\/\/www.pierresuchet.com\/?page_id=2761"},"modified":"2022-10-17T21:47:00","modified_gmt":"2022-10-17T19:47:00","slug":"lyzeron","status":"publish","type":"page","link":"https:\/\/www.pierresuchet.com\/?page_id=2761","title":{"rendered":"L&rsquo;Yzeron"},"content":{"rendered":"\n<figure class=\"wp-block-image size-large\"><a href=\"https:\/\/www.pierresuchet.com\/Photo\/wp-content\/uploads\/2022\/10\/SUCHET_Yzeron-11.jpg\"><img loading=\"lazy\" decoding=\"async\" width=\"1024\" height=\"715\" src=\"https:\/\/www.pierresuchet.com\/Photo\/wp-content\/uploads\/2022\/10\/SUCHET_Yzeron-11-1024x715.jpg\" alt=\"\" class=\"wp-image-2762\" srcset=\"https:\/\/www.pierresuchet.com\/Photo\/wp-content\/uploads\/2022\/10\/SUCHET_Yzeron-11-1024x715.jpg 1024w, https:\/\/www.pierresuchet.com\/Photo\/wp-content\/uploads\/2022\/10\/SUCHET_Yzeron-11-300x209.jpg 300w, https:\/\/www.pierresuchet.com\/Photo\/wp-content\/uploads\/2022\/10\/SUCHET_Yzeron-11-768x536.jpg 768w, https:\/\/www.pierresuchet.com\/Photo\/wp-content\/uploads\/2022\/10\/SUCHET_Yzeron-11-950x663.jpg 950w, https:\/\/www.pierresuchet.com\/Photo\/wp-content\/uploads\/2022\/10\/SUCHET_Yzeron-11-280x195.jpg 280w, https:\/\/www.pierresuchet.com\/Photo\/wp-content\/uploads\/2022\/10\/SUCHET_Yzeron-11.jpg 1433w\" sizes=\"auto, (max-width: 1024px) 100vw, 1024px\" \/><\/a><\/figure>\n\n\n\n<p>En 2020, j&rsquo;ai photographi\u00e9 les berges de l&rsquo;Yzeron, lors de sa travers\u00e9e de la m\u00e9tropole lyonnaise. A l&rsquo;issue de ce travail, j&rsquo;ai rencontr\u00e9 <strong>Marylise Cottet, chercheuse en g\u00e9ographie sociale au CNRS<\/strong>. Elle m&rsquo;a confi\u00e9 les entretiens qu&rsquo;elle avait r\u00e9alis\u00e9, dix ans auparavant, avec des riverains, des gestionnaires de rivi\u00e8res et des \u00e9lus du bassin versant, dans le cadre d&rsquo;une <strong>\u00e9tude universitaire<\/strong>. Ce projet de recherche pr\u00e9c\u00e9dait le lancement d&rsquo;une importante op\u00e9ration d&rsquo;am\u00e9nagement de l&rsquo;Yzeron ayant pour double objectif la <strong>protection contre les inondations<\/strong> et la <strong>restauration \u00e9cologique<\/strong> de la rivi\u00e8re.<br>Les entretiens \u00e9voquent le rapport aux inondations, les usages de la rivi\u00e8re, les b\u00e9n\u00e9fices apport\u00e9s par la pr\u00e9sence du cours d&rsquo;eau, le lien au paysage, la question \u00e9cologique et le projet de restauration. <\/p>\n\n\n\n<p>J&rsquo;ai associ\u00e9 les photos et les entretiens sur une carte interactive, consultable <a rel=\"noreferrer noopener\" href=\"https:\/\/umap.openstreetmap.fr\/fr\/map\/la-riviere-yzeron-sur-la-metropole-de-lyon_816023#14\/45.7321\/4.7832\" target=\"_blank\">sur ce lien<\/a>.<\/p>\n\n\n\n<figure class=\"wp-block-image size-large\"><a href=\"https:\/\/umap.openstreetmap.fr\/fr\/map\/la-riviere-yzeron-sur-la-metropole-de-lyon_816023#14\/45.7321\/4.7832\" target=\"_blank\" rel=\"noreferrer noopener\"><img loading=\"lazy\" decoding=\"async\" width=\"1024\" height=\"663\" src=\"https:\/\/www.pierresuchet.com\/Photo\/wp-content\/uploads\/2022\/10\/Carte-Yzeron-1024x663.jpg\" alt=\"\" class=\"wp-image-2763\" srcset=\"https:\/\/www.pierresuchet.com\/Photo\/wp-content\/uploads\/2022\/10\/Carte-Yzeron-1024x663.jpg 1024w, https:\/\/www.pierresuchet.com\/Photo\/wp-content\/uploads\/2022\/10\/Carte-Yzeron-300x194.jpg 300w, https:\/\/www.pierresuchet.com\/Photo\/wp-content\/uploads\/2022\/10\/Carte-Yzeron-768x497.jpg 768w, https:\/\/www.pierresuchet.com\/Photo\/wp-content\/uploads\/2022\/10\/Carte-Yzeron-950x615.jpg 950w, https:\/\/www.pierresuchet.com\/Photo\/wp-content\/uploads\/2022\/10\/Carte-Yzeron-280x181.jpg 280w, https:\/\/www.pierresuchet.com\/Photo\/wp-content\/uploads\/2022\/10\/Carte-Yzeron.jpg 1420w\" sizes=\"auto, (max-width: 1024px) 100vw, 1024px\" \/><\/a><\/figure>\n","protected":false},"excerpt":{"rendered":"<p>En 2020, j&rsquo;ai photographi\u00e9 les berges de l&rsquo;Yzeron, lors de sa travers\u00e9e de la m\u00e9tropole lyonnaise. A l&rsquo;issue de ce travail, j&rsquo;ai rencontr\u00e9 Marylise Cottet, chercheuse en g\u00e9ographie sociale au CNRS. Elle m&rsquo;a confi\u00e9 les entretiens qu&rsquo;elle avait r\u00e9alis\u00e9, dix ans auparavant, avec des riverains, des gestionnaires de rivi\u00e8res et des \u00e9lus du bassin versant,&#8230;<\/p>\n","protected":false},"author":1,"featured_media":2762,"parent":2281,"menu_order":0,"comment_status":"closed","ping_status":"closed","template":"","meta":{"_monsterinsights_skip_tracking":false,"_monsterinsights_sitenote_active":false,"_monsterinsights_sitenote_note":"","_monsterinsights_sitenote_category":0,"ngg_post_thumbnail":0,"footnotes":""},"class_list":["post-2761","page","type-page","status-publish","has-post-thumbnail","hentry"],"_links":{"self":[{"href":"https:\/\/www.pierresuchet.com\/index.php?rest_route=\/wp\/v2\/pages\/2761","targetHints":{"allow":["GET"]}}],"collection":[{"href":"https:\/\/www.pierresuchet.com\/index.php?rest_route=\/wp\/v2\/pages"}],"about":[{"href":"https:\/\/www.pierresuchet.com\/index.php?rest_route=\/wp\/v2\/types\/page"}],"author":[{"embeddable":true,"href":"https:\/\/www.pierresuchet.com\/index.php?rest_route=\/wp\/v2\/users\/1"}],"replies":[{"embeddable":true,"href":"https:\/\/www.pierresuchet.com\/index.php?rest_route=%2Fwp%2Fv2%2Fcomments&post=2761"}],"version-history":[{"count":3,"href":"https:\/\/www.pierresuchet.com\/index.php?rest_route=\/wp\/v2\/pages\/2761\/revisions"}],"predecessor-version":[{"id":3349,"href":"https:\/\/www.pierresuchet.com\/index.php?rest_route=\/wp\/v2\/pages\/2761\/revisions\/3349"}],"up":[{"embeddable":true,"href":"https:\/\/www.pierresuchet.com\/index.php?rest_route=\/wp\/v2\/pages\/2281"}],"wp:featuredmedia":[{"embeddable":true,"href":"https:\/\/www.pierresuchet.com\/index.php?rest_route=\/wp\/v2\/media\/2762"}],"wp:attachment":[{"href":"https:\/\/www.pierresuchet.com\/index.php?rest_route=%2Fwp%2Fv2%2Fmedia&parent=2761"}],"curies":[{"name":"wp","href":"https:\/\/api.w.org\/{rel}","templated":true}]}}