{"id":3356,"date":"2025-02-12T17:15:31","date_gmt":"2025-02-12T16:15:31","guid":{"rendered":"https:\/\/www.pierresuchet.com\/?page_id=3356"},"modified":"2025-12-08T19:24:48","modified_gmt":"2025-12-08T18:24:48","slug":"courbes","status":"publish","type":"page","link":"https:\/\/www.pierresuchet.com\/?page_id=3356","title":{"rendered":"Courbes"},"content":{"rendered":"\n<p>Qu&rsquo;est-ce que la photographie peut dire des courbes statistiques ? Depuis 2013, j&rsquo;ai tent\u00e9 de r\u00e9pondre \u00e0 cette question \u00e0 travers des s\u00e9ries photographiques, des vid\u00e9os et des \u00e9v\u00e8nements participatifs.<\/p>\n\n\n\n<p><span style=\"font-size: 18px;\"><strong>Adoucir la courbe (2020)<\/strong><\/span><\/p>\n\n\n\n<p>&nbsp;<\/p>\n<p><img loading=\"lazy\" decoding=\"async\" class=\"aligncenter size-large wp-image-3400\" src=\"https:\/\/www.pierresuchet.com\/Photo\/wp-content\/uploads\/2025\/12\/Adoucir-la-courbe-1024x404.jpg\" alt=\"\" width=\"950\" height=\"375\" srcset=\"https:\/\/www.pierresuchet.com\/Photo\/wp-content\/uploads\/2025\/12\/Adoucir-la-courbe-1024x404.jpg 1024w, https:\/\/www.pierresuchet.com\/Photo\/wp-content\/uploads\/2025\/12\/Adoucir-la-courbe-300x118.jpg 300w, https:\/\/www.pierresuchet.com\/Photo\/wp-content\/uploads\/2025\/12\/Adoucir-la-courbe-768x303.jpg 768w, https:\/\/www.pierresuchet.com\/Photo\/wp-content\/uploads\/2025\/12\/Adoucir-la-courbe-1536x605.jpg 1536w, https:\/\/www.pierresuchet.com\/Photo\/wp-content\/uploads\/2025\/12\/Adoucir-la-courbe-2048x807.jpg 2048w, https:\/\/www.pierresuchet.com\/Photo\/wp-content\/uploads\/2025\/12\/Adoucir-la-courbe-950x374.jpg 950w, https:\/\/www.pierresuchet.com\/Photo\/wp-content\/uploads\/2025\/12\/Adoucir-la-courbe-280x110.jpg 280w\" sizes=\"auto, (max-width: 950px) 100vw, 950px\" \/><\/p>\n<p>Vid\u00e9o (2&rsquo;47). Visionnage <a href=\"https:\/\/vimeo.com\/294412675\" target=\"_blank\" rel=\"noopener\">sur ce lien<\/a>&nbsp;(mot de passe : BACH)<\/p>\n<p>Apr\u00e8s &lsquo;Inversion de la courbe&rsquo; en 2018, je poursuis mon exp\u00e9rimentation ludique \u00e0 partir des formes du graphique statistique.<\/p>\n<p>Je propose cette fois d&rsquo;envisager les courbes statistiques comme la repr\u00e9sentation d&rsquo;une m\u00e9lodie et j&rsquo;invite \u00e0 les interpr\u00e9ter musicalement.<br>Les variations Goldberg de J.S. Bach, impr\u00e9gn\u00e9es de consid\u00e9rations math\u00e9matiques, m&rsquo;ont sembl\u00e9 pertinentes pour cet exercice. Cette oeuvre est interpr\u00e9t\u00e9e ici par un quatuor de 4 instruments. Un piano droit Pleyel de 1936 et 3 appareils photo argentiques : un Rolleiflex de 1963, un Leica de 1981 et un Hasselblad Xpan de 1996, tous charg\u00e9s de film noir et blanc.<br>Sur chaque photo, l&rsquo;ombre port\u00e9e par le soleil forme un contrepoint \u00e0 la ligne m\u00e9lodique principale. Sur chaque page de la partition, dont les mesures apparaissent au fur et \u00e0 mesure de la cadence, les instruments argentiques s&rsquo;exposent successivement, formant \u00e0 plusieurs reprises le motif musical de la fugue, dont Bach \u00e9tait le ma\u00eetre insurpassable.<\/p>\n<p>R\u00e9alisation, photographie et montage : Pierre SUCHET<br>Interpr\u00e9tation au piano : Violeta COUTAZ<br>Ing\u00e9nieur du son : Alexandre DOLATA<br>Studio : ATS Studios<\/p>\n<p>Pour visionner la vid\u00e9o<\/p>\n\n\n\n<p><span style=\"font-size: 18px;\"><strong>Inversion de la courbe (2018)<\/strong><\/span><\/p>\n\n\n\n<p><strong><img loading=\"lazy\" decoding=\"async\" class=\"aligncenter size-large wp-image-3401\" src=\"https:\/\/www.pierresuchet.com\/Photo\/wp-content\/uploads\/2025\/12\/Inversion-de-la-courbe-1024x404.jpg\" alt=\"\" width=\"950\" height=\"375\" srcset=\"https:\/\/www.pierresuchet.com\/Photo\/wp-content\/uploads\/2025\/12\/Inversion-de-la-courbe-1024x404.jpg 1024w, https:\/\/www.pierresuchet.com\/Photo\/wp-content\/uploads\/2025\/12\/Inversion-de-la-courbe-300x118.jpg 300w, https:\/\/www.pierresuchet.com\/Photo\/wp-content\/uploads\/2025\/12\/Inversion-de-la-courbe-768x303.jpg 768w, https:\/\/www.pierresuchet.com\/Photo\/wp-content\/uploads\/2025\/12\/Inversion-de-la-courbe-1536x605.jpg 1536w, https:\/\/www.pierresuchet.com\/Photo\/wp-content\/uploads\/2025\/12\/Inversion-de-la-courbe-2048x807.jpg 2048w, https:\/\/www.pierresuchet.com\/Photo\/wp-content\/uploads\/2025\/12\/Inversion-de-la-courbe-950x374.jpg 950w, https:\/\/www.pierresuchet.com\/Photo\/wp-content\/uploads\/2025\/12\/Inversion-de-la-courbe-280x110.jpg 280w\" sizes=\"auto, (max-width: 950px) 100vw, 950px\" \/><\/strong><\/p>\n<p>Vid\u00e9o (3&rsquo;48). Visionnage <a href=\"https:\/\/vimeo.com\/pierresuchet\/inversiondelacourbe\" target=\"_blank\" rel=\"noopener\">sur ce lien<\/a> (mot de passe : BACH)<\/p>\n<p><strong>Synopsis :<\/strong><br>Un rapprochement ludique entre courbes statistiques et photographie argentique, avec une pinc\u00e9e d&rsquo;humour et un soup\u00e7on de po\u00e9sie.<\/p>\n<p><strong>Note d&rsquo;intention :<\/strong><br>Les courbes et graphiques statistiques envahissent des territoires de plus en plus vastes de l&rsquo;exp\u00e9rience humaine. Cette approche num\u00e9rique du monde est souvent pr\u00e9sent\u00e9e comme neutre et objective. J&rsquo;ai voulu interroger cet univers statistique en le rapprochant de ma pratique : la photographie.<\/p>\n<p>La d\u00e9marche peut para\u00eetre incongrue. Les points communs s&rsquo;av\u00e8rent pourtant nombreux :<br>la forme visuelle tout d&rsquo;abord. Ensuite, dans les deux cas, il y a un choix de sujet, de cadre, de format, de ce qu&rsquo;on inclut et de ce qu&rsquo;on rejette dans le hors-champ. Un choix d&rsquo;\u00e9chelle de temps qui fige dans l&rsquo;\u00e9ph\u00e9m\u00e8re de la conjoncture ou au contraire donne \u00e0 voir une profondeur historique. Un choix de point de vue et de focale qui peut dilater l&rsquo;\u00e9chelle pour construire une perspective particuli\u00e8re. Enfin, une l\u00e9gende qui oriente la lecture.<\/p>\n<p>Pour mettre en image cette analogie, j&rsquo;ai choisi la photographie argentique, comme une forme de r\u00e9sistance \u00e0 la pratique num\u00e9rique. Trois appareils, de trois g\u00e9n\u00e9rations succcessives (1963, 1981 et 1996) et de trois formats : panoramique (24&#215;65), carr\u00e9 (6&#215;6) et 24&#215;36. Des photographies prises dans mon quartier, dans les escaliers des pentes de la Croix Rousse \u00e0 Lyon, entre 2013 et 2017. Le fruit d&rsquo;un long rep\u00e9rage de la course du soleil au fil des mois et des journ\u00e9es, pour capturer l&rsquo;instant d\u00e9cisif, durant lequel le soleil projette sur les murs une ombre de la main courante qui longe chaque escalier. Une ombre dont la forme r\u00e9v\u00e8le l&rsquo;\u00e9cart avec l&rsquo;apparence de la main courante, avec la volont\u00e9 de semer le doute chez le spectateur.<\/p>\n<p>Pour compl\u00e9ter l&rsquo;analogie visuelle entre mes photographies et les statistiques, la bande son ajoute une 3eme similitude : les partitions musicales et leur ligne m\u00e9lodique. La musique choisie est l&rsquo;introduction de l&rsquo;Offrande musicale de JS Bach. Ce th\u00e8me aurait \u00e9t\u00e9 jou\u00e9 \u00e0 la fl\u00fbte par Fr\u00e9d\u00e9ric II, roi de Prusse, qui aurait ensuite demand\u00e9 \u00e0 JS Bach de composer des variations \u00e0 partir de cette myst\u00e9rieuse m\u00e9lodie.<br>Ce choix musical est une fa\u00e7on de faire \u00e9cho \u00e0 la promesse de F. Hollande, lors de ses premiers voeux aux fran\u00e7ais fin 2012, d&rsquo;inverser la courbe du chomage. En effet, ma s\u00e9rie peut aussi \u00eatre lue comme une variation artistique autour de cette promesse politique. Le th\u00e8me royal de la bande son est interpr\u00e9t\u00e9 successivement sur 3 instruments, de 3 g\u00e9n\u00e9rations diff\u00e9rentes : une guitare \u00e9lectrique, un clavecin et un grand orgue.<\/p>\n<p>Entre les s\u00e9quences instrumentales, deux voix (un homme et une femme) prononcent successivement :<br>\u2013 une s\u00e9rie de noms, puis d&rsquo;adjectifs, emprunt\u00e9s au vocabulaire \u00e9conomique ou boursier. Ces noms et adjectifs sont prononc\u00e9s \u00e0 voix haute, \u00e0 voix basse et chuchot\u00e9s, puis mont\u00e9s en forme de fugue<br>\u2013 une s\u00e9rie de phrases prononc\u00e9es en chuchotant, compos\u00e9es de ces m\u00eames noms et adjectifs, mais compl\u00e9t\u00e9s par des objets faisant d\u00e9raper la l\u00e9gende sur un terrain humoristique et po\u00e9tique.<\/p>\n<p><strong>R\u00e9alisation, photographies, montage<\/strong> : Pierre Suchet<\/p>\n<p><strong>Musicien.ne.s<\/strong> : Boris Cassone (Guitare) Violeta Coutaz (Clavecin) Lydia Sourial (Orgue)<\/p>\n<p><strong>Voix<\/strong> : Angela Lanteri, Pierre Suchet<\/p>\n<p><strong>Instruments :<\/strong><br>Guitare Fender Jaguar &amp; Hasselblad XPAN<br>Clavecin Neupert mod\u00e8le Blanchet &amp; Rolleiflex 2.8f Planar<br>Orgue Merklin (N.D. de Bellecombe,Villeurbanne) &amp; Leica M6<\/p>\n<p><strong>Partition<\/strong> : L&rsquo;offrande musicale (Thema Regium) &#8211; Jean-Sebastien Bach<\/p>\n\n\n\n<p>&nbsp;<\/p>\n<p>&nbsp;<\/p>\n\n\n\n<p><strong><span style=\"font-size: 18px;\">Primaires de la courbe (2016)<\/span><\/strong><\/p>\n<p>En parall\u00e8le \u00e0 d&rsquo;autres primaires organis\u00e9es par un parti politique fran\u00e7ais, j&rsquo;ai programm\u00e9 les \u00ab\u00a0<strong>Primaires de la courbe<\/strong>\u00a0\u00bb \u00e0 la Mairie de Lyon 1er, les 7 et 8 Octobre 2016.<\/p>\n<p><img loading=\"lazy\" decoding=\"async\" class=\"alignnone size-full wp-image-1079\" src=\"https:\/\/www.pierresuchet.com\/Photo\/wp-content\/uploads\/2016\/09\/Flyer-Web-Recto.jpg\" alt=\"flyer-web-recto\" width=\"1347\" height=\"453\" srcset=\"https:\/\/www.pierresuchet.com\/Photo\/wp-content\/uploads\/2016\/09\/Flyer-Web-Recto.jpg 1347w, https:\/\/www.pierresuchet.com\/Photo\/wp-content\/uploads\/2016\/09\/Flyer-Web-Recto-300x101.jpg 300w, https:\/\/www.pierresuchet.com\/Photo\/wp-content\/uploads\/2016\/09\/Flyer-Web-Recto-768x258.jpg 768w, https:\/\/www.pierresuchet.com\/Photo\/wp-content\/uploads\/2016\/09\/Flyer-Web-Recto-1024x344.jpg 1024w, https:\/\/www.pierresuchet.com\/Photo\/wp-content\/uploads\/2016\/09\/Flyer-Web-Recto-950x319.jpg 950w, https:\/\/www.pierresuchet.com\/Photo\/wp-content\/uploads\/2016\/09\/Flyer-Web-Recto-280x94.jpg 280w\" sizes=\"auto, (max-width: 1347px) 100vw, 1347px\" \/><\/p>\n<p>L&rsquo;\u00e9v\u00e8nement \u00e9tait compos\u00e9 de 3 volets :<br>&#8211; l&rsquo;exposition d&rsquo;une version 3 de ma s\u00e9rie photographique \u00ab\u00a0Inversion de la courbe\u00a0\u00bb<br>&#8211; une conf\u00e9rence-d\u00e9bat sur les indicateurs alternatifs, anim\u00e9e par Pierre Concialdi (\u00e9conomiste h\u00e9t\u00e9rodoxe)<br>&#8211; une votation citoyenne : les \u00ab\u00a0Primaires de la courbe\u00a0\u00bb.<\/p>\n<p>&nbsp;<\/p>\n<p><b>1\u00b0) S\u00e9rie photographique \u00ab\u00a0Inversion de la courbe III \u00ab\u00a0<\/b><b><br><\/b><\/p>\n<p>En 1747, Jean-S\u00e9bastien Bach est re\u00e7u \u00e0 la cour de Fr\u00e9d\u00e9ric II de Prusse. Le roi, passionn\u00e9 de musique, improvise un th\u00e8me \u00e0 la fl\u00fbte. A partir de ce th\u00e8me, Bach compose pour Fr\u00e9d\u00e9ric II \u00ab\u00a0l&rsquo;offrande musicale\u00a0\u00bb, une s\u00e9rie de variations instrumentales, impr\u00e9gn\u00e9es de consid\u00e9rations math\u00e9matiques.<\/p>\n<p>Fin 2012, lors de ses voeux aux fran\u00e7ais, Fran\u00e7ois Hollande lie sa candidature pour un second mandat pr\u00e9sidentiel \u00e0 la promesse d&rsquo;inverser la courbe du ch\u00f4mage.<br>La place centrale qui venait d&rsquo;\u00eatre donn\u00e9e \u00e0 une statistique dans le discours du pouvoir a fait na\u00eetre en moi le d\u00e9sir d&rsquo;explorer ce th\u00e8me. L&rsquo;aspect graphique des mains courantes longeant les escaliers des collines de la Croix-Rousse et de Fourvi\u00e8re \u00e0 Lyon m\u2019a donn\u00e9 la ligne de base pour cette interrogation.<br>En 2015, les rencontres de la photographie de Chabeuil ont expos\u00e9 une premi\u00e8re s\u00e9rie intitul\u00e9e \u00ab\u00a0Inversion de la courbe\u00a0\u00bb, jetant les bases de ma recherche sur les liens entre photographie et statistique.<br>La biblioth\u00e8que municipale de Lyon 1er a expos\u00e9 en Juin 2016 une deuxi\u00e8me version, qui poursuivait cette exploration.<br>En Octobre 2016, \u00e0 la mairie de Lyon 1er, je pr\u00e9sente une troisi\u00e8me variation, interpr\u00e9t\u00e9e sur 3 instruments : au 24&#215;36 argentique des deux premi\u00e8res s\u00e9ries, viennent s&rsquo;ajouter les voies d&rsquo;un format carr\u00e9 et celle d&rsquo;un panoramique. Les l\u00e9gendes sont \u00e0 nouveau bas\u00e9es sur un cut-up mixant le vocabulaire habituel du commentariat boursier, d\u00e9tournant la parole des \u00e9lites politiques fran\u00e7aises depuis 30 ans ou \u00e9voquant des expressions populaires, pour sonder les th\u00e8mes qui r\u00e9sistent a priori aux repr\u00e9sentations statistiques et photographiques.<i><\/i><\/p>\n<p>&nbsp;<\/p>\n<p><i><b>2\u00b0) Conf\u00e9rence-d\u00e9bat&nbsp; le 7 octobre 2016 : \u00ab\u00a0Les indicateurs alternatifs\u00a0\u00bb par Pierre Concialdi<br><\/b><\/i><\/p>\n<p>Pierre Concialdi est un \u00e9conomiste fran\u00e7ais n\u00e9 en 1955, chercheur \u00e0 l&rsquo;Institut de Recherches Economiques et Sociales (IRES) et sp\u00e9cialis\u00e9 dans les questions sociales. Il a particip\u00e9 \u00e0 l\u2019\u00e9laboration du BIP40 (Barom\u00e8tre des In\u00e9galit\u00e9s et de la Pauvret\u00e9) et co-anim\u00e9 le collectif ACDC (Autres Chiffres Du Ch\u00f4mage). Militant associatif (Fondation Copernic, conseil scientifique d\u2019Attac), il tient aujourd&rsquo;hui une chronique dans Sin\u00e9 Mensuel.<\/p>\n<p>\u00ab\u00a0<em>Il existe de nombreuses analogies entre le travail statistique et le travail photographique. Le choix du sujet d\u00e9termine implicitement celui du \u00ab&nbsp;hors champ&nbsp;\u00bb qui demeure invisible et que certains indicateurs alternatifs s\u2019emploient \u00e0 mettre en lumi\u00e8re. Le cadrage du sujet dans l\u2019espace-temps est tout aussi d\u00e9terminant&nbsp;: il peut inscrire la r\u00e9flexion dans l\u2019\u00e9ph\u00e9m\u00e8re de la conjoncture ou, au contraire donner \u00e0 voir la profondeur historique de s\u00e9ries plus ou moins longues. La juxtaposition des courbes pousse le regard \u00e0 scruter les correspondances ou les corr\u00e9lations, les \u00e9chelles peuvent \u00eatre plus ou moins dilat\u00e9es afin d\u2019organiser une perspective particuli\u00e8re, la l\u00e9gende donne un premier sens \u00e0 l\u2019image\u2026<\/em><\/p>\n<p><em>En prenant appui sur divers exemples issus de la statistique officielle ou d&rsquo;exp\u00e9riences militantes, il s\u2019agit de montrer que ces choix ne sont jamais fortuits&nbsp;: ils organisent une certaine repr\u00e9sentation de la r\u00e9alit\u00e9. La pertinence de ces choix ne peut jamais \u00eatre postul\u00e9e a priori&nbsp; et d\u00e9pend de l\u2019ad\u00e9quation, plus ou moins \u00e9troite, entre les choix du statisticien et la question \u00e0 laquelle l\u2019indicateur statistique est cens\u00e9 r\u00e9pondre. Selon les cas, la statistique peut ainsi se transformer en outil de pouvoir &nbsp;qui cl\u00f4t le champ des possibles en r\u00e9ifiant la r\u00e9alit\u00e9. Ou bien elle peut devenir un outil de lib\u00e9ration qui aide \u00e0 agir sur le r\u00e9el pour le transformer.<\/em>\u00a0\u00bb Pierre Concialdi<\/p>\n<p>&nbsp;<\/p>\n<p><i><b>3\u00b0) Votation citoyenne \u00ab\u00a0Primaires de la courbe\u00a0\u00bb<\/b><\/i><\/p>\n<p><i><b> <\/b><\/i>La votation \u00e9tait ouverte \u00e0 tous, avec les \u00e9l\u00e9ments habituels : affiches, bulletins et enveloppes de votes, isoloir, urne de vote, assesseurs,&#8230;<\/p>\n<p>Le mat\u00e9riel de vote \u00e9tait dispos\u00e9 sur 4 tables dans la salle d&rsquo;exposition :<br>. table 1 : bulletins de votes reproduisant les photos de l&rsquo;exposition<br>. table 2 : bulletins de votes avec diff\u00e9rents noms : Progression, D\u00e9crochage, Glissade, Rebond,&#8230;<br>. table 3 : bulletins de vote avec diff\u00e9rents adjectifs : discr\u00e8t(e), temporaire, rapide, ponctuel(le),&#8230;<br>. table 4 : bulletins de vote avec diff\u00e9rents compl\u00e9ments : de l&rsquo;\u00e9paisseur des poussi\u00e8res sous le tapis, du chacun pour soi, des valeurs des producteurs de toboggans, des tendances \u00e0 la procrastination,&#8230;<br>La liste d\u00e9finitive des candidats aux diff\u00e9rents coll\u00e8ges (photos, noms, adjectifs, compl\u00e9ments) a \u00e9t\u00e9 annonc\u00e9e fin septembre.<br>Les tables 2,3 et 4 contenaient aussi des bulletins blancs permettant aux votants de choisir des noms, adjectifs et compl\u00e9ments de leur choix.<\/p>\n<p>Les votants ont gliss\u00e9 dans l&rsquo;enveloppe de vote 4 bulletins : une photo, un nom, un adjectif et un compl\u00e9ment.<\/p>\n<p>Le d\u00e9pouillement a permis d&rsquo;inventorier les combinaisons choisies par les votants et de les publier sur ce site.<\/p>\n<p>&nbsp;<\/p>\n<p>&nbsp;<\/p>\n","protected":false},"excerpt":{"rendered":"<p>Qu&rsquo;est-ce que la photographie peut dire des courbes statistiques ? Depuis 2013, j&rsquo;ai tent\u00e9 de r\u00e9pondre \u00e0 cette question \u00e0 travers des s\u00e9ries photographiques, des vid\u00e9os et des \u00e9v\u00e8nements participatifs. Adoucir la courbe (2020) &nbsp; Vid\u00e9o (2&rsquo;47). Visionnage sur ce lien&nbsp;(mot de passe : BACH) Apr\u00e8s &lsquo;Inversion de la courbe&rsquo; en 2018, je poursuis mon&#8230;<\/p>\n","protected":false},"author":1,"featured_media":0,"parent":0,"menu_order":0,"comment_status":"closed","ping_status":"closed","template":"","meta":{"_monsterinsights_skip_tracking":false,"_monsterinsights_sitenote_active":false,"_monsterinsights_sitenote_note":"","_monsterinsights_sitenote_category":0,"ngg_post_thumbnail":0,"footnotes":""},"class_list":["post-3356","page","type-page","status-publish","hentry"],"_links":{"self":[{"href":"https:\/\/www.pierresuchet.com\/index.php?rest_route=\/wp\/v2\/pages\/3356","targetHints":{"allow":["GET"]}}],"collection":[{"href":"https:\/\/www.pierresuchet.com\/index.php?rest_route=\/wp\/v2\/pages"}],"about":[{"href":"https:\/\/www.pierresuchet.com\/index.php?rest_route=\/wp\/v2\/types\/page"}],"author":[{"embeddable":true,"href":"https:\/\/www.pierresuchet.com\/index.php?rest_route=\/wp\/v2\/users\/1"}],"replies":[{"embeddable":true,"href":"https:\/\/www.pierresuchet.com\/index.php?rest_route=%2Fwp%2Fv2%2Fcomments&post=3356"}],"version-history":[{"count":10,"href":"https:\/\/www.pierresuchet.com\/index.php?rest_route=\/wp\/v2\/pages\/3356\/revisions"}],"predecessor-version":[{"id":3408,"href":"https:\/\/www.pierresuchet.com\/index.php?rest_route=\/wp\/v2\/pages\/3356\/revisions\/3408"}],"wp:attachment":[{"href":"https:\/\/www.pierresuchet.com\/index.php?rest_route=%2Fwp%2Fv2%2Fmedia&parent=3356"}],"curies":[{"name":"wp","href":"https:\/\/api.w.org\/{rel}","templated":true}]}}