{"id":34,"date":"2011-10-18T15:28:40","date_gmt":"2011-10-18T13:28:40","guid":{"rendered":"http:\/\/www.pierresuchet.com\/Photo\/?page_id=34"},"modified":"2026-02-04T14:38:29","modified_gmt":"2026-02-04T13:38:29","slug":"biographie","status":"publish","type":"page","link":"https:\/\/www.pierresuchet.com\/?page_id=34","title":{"rendered":"A propos"},"content":{"rendered":"\n<table style=\"width: 100%; border-collapse: collapse;\">\n<tbody>\n<tr>\n<td style=\"width: 31.1904%; text-align: center;\">\n<div id=\"attachment_2679\" style=\"width: 249px\" class=\"wp-caption alignleft\"><img loading=\"lazy\" decoding=\"async\" aria-describedby=\"caption-attachment-2679\" class=\"wp-image-2679 size-medium\" src=\"https:\/\/www.pierresuchet.com\/Photo\/wp-content\/uploads\/2022\/05\/Arles-2021-par-Mehdi-Nedellec-239x300.jpg\" alt=\"\" width=\"239\" height=\"300\" srcset=\"https:\/\/www.pierresuchet.com\/Photo\/wp-content\/uploads\/2022\/05\/Arles-2021-par-Mehdi-Nedellec-239x300.jpg 239w, https:\/\/www.pierresuchet.com\/Photo\/wp-content\/uploads\/2022\/05\/Arles-2021-par-Mehdi-Nedellec-768x964.jpg 768w, https:\/\/www.pierresuchet.com\/Photo\/wp-content\/uploads\/2022\/05\/Arles-2021-par-Mehdi-Nedellec-280x351.jpg 280w, https:\/\/www.pierresuchet.com\/Photo\/wp-content\/uploads\/2022\/05\/Arles-2021-par-Mehdi-Nedellec.jpg 797w\" sizes=\"auto, (max-width: 239px) 100vw, 239px\" \/><p id=\"caption-attachment-2679\" class=\"wp-caption-text\"><span style=\"font-family: tahoma, arial, helvetica, sans-serif; font-size: 12px;\">Portrait par Mehdi Nedellec &#8211; Arles 2021<\/span><\/p><\/div>\n<\/td>\n<td style=\"width: 2.61906%;\">\n<p>&nbsp;<\/p>\n<\/td>\n<td style=\"width: 66.1905%; vertical-align: top;\">\n<p>Je m\u00e8ne des projets photographiques en collaboration avec des chercheurs en sciences humaines. Selon cette approche pluridisciplinaire, je r\u00e9alise depuis une d\u00e9cennie des enqu\u00eates g\u00e9o-photographiques sur les rivi\u00e8res urbaines, en France et \u00e0 l&rsquo;\u00e9tranger.<\/p>\n<p>J&rsquo;ai particip\u00e9 \u00e0 un projet pluri-disciplinaire sur la rivi\u00e8re Furan, \u00e0 Saint Etienne, en lien avec l&rsquo;universit\u00e9 Jean Monnet et diverses institutions mus\u00e9ales et territoriales. Ce projet a donn\u00e9 lieu \u00e0 <a href=\"https:\/\/www.filigranes.com\/livre\/sur-les-traces-du-furan\/\" target=\"_blank\" rel=\"noopener\">un livre publi\u00e9 en 2024 par les \u00e9ditions Filigranes<\/a> et \u00e0 une exposition \u00e0 l&rsquo;\u00e9cole d&rsquo;architecture de Saint-Etienne fin 2024.<\/p>\n<p>En octobre 2022, j&rsquo;ai publi\u00e9 dans le n\u00b01 de la revue Chabe un travail portant sur la rivi\u00e8re Yzeron, fruit d&rsquo;une collaboration avec Marilyse Cottet, chercheuse au CNRS en g\u00e9ographie sociale.<\/p>\n<p>En 2022, mon enqu\u00eate de 10 ans sur la rivi\u00e8re Ni\u00e8vre a fait l&rsquo;objet d&rsquo;une grande exposition en plein air, pr\u00e9sent\u00e9e dans les principales villes du bassin versant. Cette manifestation, soutenue par le Bassin Versant des Ni\u00e8vres et le C.A.U.E. de la Ni\u00e8vre, a \u00e9t\u00e9 accompagn\u00e9e d\u2019une conf\u00e9rence au th\u00e9\u00e2tre des forges royales de Gu\u00e9rigny.<\/p>\n<p>Je travaille en argentique \u2013 petit, moyen et grand format (4&#215;5 et 8&#215;10) \u2012 en raison de la dur\u00e9e que cette pratique requiert. La r\u00e9alisation de mes investigations photographiques s\u2019\u00e9tale aussi sur plusieurs ann\u00e9es. Si l\u2019objet livre est pour moi un support de pr\u00e9dilection, j&rsquo;explore \u00e9galement de nouveaux dispositifs de monstration, adapt\u00e9s au sujet trait\u00e9&nbsp;: cartes interactives, films constitu\u00e9s de photographies, \u00e9v\u00e8nements participatifs\u2026<\/p>\n<p>Je suis membre de la SAIF (Soci\u00e9t\u00e9 des Auteurs des arts visuels et de l\u2019Image Fixe) et du r\u00e9seau <a href=\"https:\/\/www.reseau-tras.eu\/\" target=\"_blank\" rel=\"noopener\">TRAS<\/a> (Transversale des r\u00e9seaux arts-sciences). Mes \u0153uvres ont \u00e9t\u00e9 expos\u00e9es \u00e0 Paris, Lyon, Saint Etienne, Lille, Nevers, Berlin, Marrakech et ont \u00e9t\u00e9 r\u00e9compens\u00e9es de prix nationaux et internationaux. En 2023, mon travail sur le Furan est arriv\u00e9 finaliste du prix Camera Clara.<\/p>\n<\/td>\n<\/tr>\n<\/tbody>\n<\/table>\n<p>&nbsp;<\/p>\n\n\n<p class=\"fonts-plugin-block \" style=\"font-family: verdana\"><\/p>\n\n\n<p><strong>Expositions personnelles (s\u00e9lection) :<\/strong><\/p>\n\n\n\n<p>2025 &#8211; Rivi\u00e8res urbaines \/ Le Bleu du Ciel, Lyon<br><br>2024 &#8211; <a href=\"https:\/\/www.st-etienne.archi.fr\/2024\/10\/28\/exposition-decouvrir-le-furan\/\" target=\"_blank\" rel=\"noreferrer noopener\">D\u00e9couvrir le Furan<\/a> \/ Ecole d&rsquo;architecture de Saint-Etienne<\/p>\n\n\n\n<p>2024 &#8211; <a href=\"https:\/\/www.pierresuchet.com\/?p=3187\">Les rivi\u00e8res urbaines &#8211; 4 enqu\u00eates g\u00e9o-photographiques<\/a> \/ Archipel &#8211; Maison de l&rsquo;Architecture Rh\u00f4ne-Alpes, Lyon<\/p>\n\n\n\n<p>2022 &#8211; A la recherche de la rivi\u00e8re Ni\u00e8vre \/ <a href=\"https:\/\/www.pierresuchet.com\/?p=2686\">Nevers<\/a> &#8211; <a href=\"https:\/\/www.pierresuchet.com\/?p=2707\">Gu\u00e9rigny<\/a> &#8211; <a href=\"https:\/\/www.pierresuchet.com\/?p=2717\">Pr\u00e9mery<\/a><\/p>\n\n\n\n<p>2016 &#8211; <a href=\"https:\/\/www.pierresuchet.com\/?p=1068\">Primaires de la courbe<\/a> \/ Mairie de Lyon 1er<\/p>\n\n\n\n<p>2016 &#8211; <a href=\"https:\/\/www.pierresuchet.com\/?p=1042\">Nord-Sud-Est-Ouest<\/a> \/ Biblioth\u00e8que de Lyon<\/p>\n\n\n\n<p>2015 &#8211; <a rel=\"noopener\" href=\"https:\/\/www.pierresuchet.com\/?p=581\" target=\"_blank\">Terre promise &#8211; Togo, le quotidien en d\u00e9mocrature<\/a> \/ Salle des Rancy (Maison pour Tous), Lyon<\/p>\n\n\n\n<p>2009 &#8211; Dr\u00f4le d&rsquo;Ambiance &#8211; Fermeture d&rsquo;un cin\u00e9ma lyonnais \/ Librairie A plus d&rsquo;un titre, Lyon<\/p>\n\n\n\n<p>2009 &#8211; Ukraine, Entre le marteau et l&rsquo;enclume \/ Librairie Ouvrir l&rsquo;Oeil, Lyon<\/p>\n\n\n\n<p><strong>Expositions collectives (s\u00e9lection) :<\/strong><\/p>\n\n\n\n<p>2026 &#8211; <a href=\"https:\/\/www.pierresuchet.com\/?p=3440\" data-type=\"link\" data-id=\"https:\/\/www.pierresuchet.com\/?p=3440\" target=\"_blank\" rel=\"noreferrer noopener\">Aqua-Rize<\/a> \/ <a href=\"https:\/\/lerize.villeurbanne.fr\/\" data-type=\"link\" data-id=\"https:\/\/lerize.villeurbanne.fr\/\" target=\"_blank\" rel=\"noreferrer noopener\">Le Rize<\/a>, Villeurbanne<br><br>2025 &#8211; <a href=\"https:\/\/www.pierresuchet.com\/?p=3386\" data-type=\"link\" data-id=\"https:\/\/www.pierresuchet.com\/?p=3386\" target=\"_blank\" rel=\"noreferrer noopener\">Saisir l&rsquo;eau dans la ville<\/a> \/ <a href=\"https:\/\/reseaux.parisnanterre.fr\/\" data-type=\"link\" data-id=\"https:\/\/reseaux.parisnanterre.fr\/\" target=\"_blank\" rel=\"noreferrer noopener\">R\u00e9s-Eaux<\/a>, Universit\u00e9 Paris Nanterre<br><br>2022 &#8211; &lsquo;Figuration\/Abstraction&rsquo; avec le Collectif &lsquo;Photographies Rencontres&rsquo; \/ <a href=\"https:\/\/plateforme-mapraa.org\/\" target=\"_blank\" rel=\"noopener\">MAPRAA<\/a>, Lyon<\/p>\n\n\n\n<p>2019 &#8211; &lsquo;Ce qu&rsquo;il reste&rsquo; avec le Collectif &lsquo;Photographies Rencontres&rsquo; \/ <a href=\"https:\/\/plateforme-mapraa.org\/\" target=\"_blank\" rel=\"noopener\">MAPRAA<\/a>, Lyon<\/p>\n\n\n\n<p>2018 &#8211; <a rel=\"noopener\" href=\"https:\/\/www.pierresuchet.com\/?p=1680\" target=\"_blank\">Binaire\/Non binaire<\/a> par <a rel=\"noopener\" href=\"https:\/\/www.gesteparis.com\/\" target=\"_blank\">Geste Paris<\/a> \/ Paris<\/p>\n\n\n\n<p>2018 &#8211; <a href=\"https:\/\/www.pierresuchet.com\/?p=1639\" target=\"_blank\" rel=\"noopener\">Images-Fronti\u00e8res<\/a> avec le Collectif &lsquo;Photographies Rencontres&rsquo; \/ <a href=\"https:\/\/plateforme-mapraa.org\/\" target=\"_blank\" rel=\"noopener\">MAPRAA<\/a>, Lyon, dans le cadre du festival 9PH<\/p>\n\n\n\n<p>2018 &#8211; &lsquo;<a href=\"https:\/\/www.pierresuchet.com\/?p=1602\" target=\"_blank\" rel=\"noopener\">Durch unsere augen &#8211; Antlitz mensch<\/a>&lsquo; \/ <a href=\"https:\/\/hausderdemokratie.de\/\" target=\"_blank\" rel=\"noopener\">Maison de la d\u00e9mocratie et des droits de l&rsquo;homme<\/a> &#8211; Berlin<\/p>\n\n\n\n<p>2017 &#8211; Photos des laur\u00e9ats du <a href=\"https:\/\/www.pierresuchet.com\/?p=1231\" target=\"_blank\" rel=\"noopener\">concours<\/a> organis\u00e9 par l&rsquo;ONG EuropAtlas \/ Galerie &lsquo;<a href=\"https:\/\/www.arretsurimages.photos\/\" target=\"_blank\" rel=\"noopener\">Arr\u00eat sur images<\/a>&lsquo; &#8211; Marrakech<\/p>\n\n\n\n<p>2015 &#8211; Photos des laur\u00e9ats du concours organis\u00e9 par l&rsquo;ONG EuropAtlas \/ Maison Folie Wazemmes &#8211; Lille<\/p>\n\n\n\n<p><\/p>\n\n\n\n<p><strong>Festivals :<\/strong><\/p>\n\n\n\n<p>2022 &#8211; &lsquo;Adoucir la courbe&rsquo; s\u00e9lectionn\u00e9e par le festival &lsquo;<a href=\"http:\/\/www.inattendus.com\/\" target=\"_blank\" rel=\"noreferrer noopener\">Les Inattendus<\/a>&lsquo; (P\u00e9riscope, Lyon)<\/p>\n\n\n\n<p>2018 &#8211; <a rel=\"noopener\" href=\"https:\/\/www.pierresuchet.com\/?p=1639\" target=\"_blank\">Images-Fronti\u00e8res<\/a> avec le Collectif &lsquo;Photographies Rencontres&rsquo; \/ <a rel=\"noopener\" href=\"https:\/\/plateforme-mapraa.org\/\" target=\"_blank\">MAPRAA<\/a>, Lyon, dans le cadre du festival 9PH<\/p>\n\n\n\n<p>2015 &#8211; <a href=\"https:\/\/www.pierresuchet.com\/?page_id=795\" target=\"_blank\" rel=\"noopener\">Inversion de la courbe<\/a> \/ Rencontres de la Photographie de Chabeuil<\/p>\n\n\n\n<p><strong>Livres, livrets et objets imprim\u00e9s :<\/strong><\/p>\n\n\n\n<p>2024 &#8211; <a href=\"https:\/\/www.filigranes.com\/livre\/sur-les-traces-du-furan\/\" target=\"_blank\" rel=\"noreferrer noopener\">Sur les traces du Furan &#8211; une enqu\u00eate photographique<\/a>. Filigranes \u00e9ditions<br><br>2018 &#8211; <a href=\"https:\/\/www.pierresuchet.com\/?p=1648\" target=\"_blank\" rel=\"noopener\">Lyon 1er : 36 poses aller \/ 36 poses retour<\/a> 2 livrets Format A5. 40 pages et 36 photos argentiques chacun. Imprim\u00e9 par <a href=\"https:\/\/ooblik.com\/\" target=\"_blank\" rel=\"noopener\">Atelier Ooblik<\/a><\/p>\n\n\n\n<p>2018 &#8211; <a href=\"https:\/\/www.pierresuchet.com\/?page_id=1379\" target=\"_blank\" rel=\"noopener\">Togo, faire avec en d\u00e9mocrature<\/a> Format A5. 20 pages. 9 photos. 9 textes fran\u00e7ais\/anglais. Imprim\u00e9 par Atelier Ooblik<\/p>\n\n\n\n<p>2017 &#8211; <a href=\"https:\/\/www.pierresuchet.com\/?page_id=1437\" target=\"_blank\" rel=\"noopener\">Inversion de la courbe<\/a> Livret A5. 16 pages. 13 photos argentiques. Imprim\u00e9 et reli\u00e9 par Atelier Ooblik<\/p>\n\n\n\n<p>2016 &#8211; <a href=\"https:\/\/www.pierresuchet.com\/?page_id=1379\" target=\"_blank\" rel=\"noopener\">Inversion de la courbe<\/a> M\u00e9li-M\u00e9lo A5. 8 photos argentiques. 8 noms. 8 adjectifs. 8 compl\u00e9ments. 4 096 combinaisons. Imprim\u00e9 et reli\u00e9 par Atelier Ooblik<\/p>\n\n\n\n<p>2016 &#8211; <a href=\"https:\/\/www.pierresuchet.com\/?page_id=1379\" target=\"_blank\" rel=\"noopener\">Inversion de la courbe<\/a> Leporello. Format pli\u00e9 : 7&#215;9 cm. D\u00e9pli\u00e9 : 43x9cm. Recto-Verso. 11 photos argentiques + titres<\/p>\n\n\n\n<p>2016 &#8211; <a href=\"https:\/\/www.pierresuchet.com\/?page_id=1379\" target=\"_blank\" rel=\"noopener\">Togo, faire avec en d\u00e9mocrature<\/a> Format A5. 24 pages. 10 photos. 9 textes. Imprim\u00e9 par Atelier Ooblik<\/p>\n\n\n\n<p><strong>Concours et appels \u00e0 projets&nbsp; :<\/strong><\/p>\n\n\n\n<p>2023 &#8211; Finaliste du prix <a href=\"https:\/\/prixcameraclara.com\/\">Camera Clara<\/a><br><br>2018 &#8211; <a rel=\"noopener\" href=\"https:\/\/www.gesteparis.com\/geste-2018-opencall\/\" target=\"_blank\">Open call &lsquo;Binaire \/ Non binaire&rsquo;<\/a> organis\u00e9 par Geste Paris<\/p>\n\n\n\n<p>2014 &#8211; <a href=\"https:\/\/www.pierresuchet.com\/?p=866\">Laur\u00e9at du concours organis\u00e9 par l&rsquo;ONG belge EuropAtlas<\/a> (Pr\u00e9sidents du jury : Jean-Christophe B\u00e9chet et Pascal Ma\u00eetre)<\/p>\n\n\n\n<p>___________________________________________________________________<\/p>\n\n\n\n<p>Vous pouvez me retrouver ici :<\/p>\n<p><a href=\"http:\/\/instagram.com\/pierresuchet\" target=\"_blank\" rel=\"noopener noreferrer\"><strong>Instagram<\/strong><\/a><br><strong><a href=\"https:\/\/mapstodon.space\/@pierresuchet\" target=\"_blank\" rel=\"noopener\">Mastodon<\/a><\/strong><br><strong><a href=\"https:\/\/bsky.app\/profile\/pierresuchet.bsky.social\" target=\"_blank\" rel=\"noopener\">Bluesky<\/a><br><\/strong><a href=\"https:\/\/www.flickr.com\/photos\/paysage_du_temps\/\" target=\"_blank\" rel=\"noopener noreferrer\"><strong>Flickr<\/strong><\/a><br><a href=\"https:\/\/www.facebook.com\/Pierre.Suchet.Photographie\" target=\"_blank\" rel=\"noopener noreferrer\"><strong>Facebook<\/strong><\/a><br><a href=\"https:\/\/twitter.com\/PierreSuchet\" target=\"_blank\" rel=\"noopener noreferrer\"><strong>Twitter (de moins en moins)<\/strong><\/a><\/p>\n<p>Vous pouvez m&rsquo;\u00e9crire ici : <a title=\"contact@pierre.suchet.com\" href=\"mailto:contact@pierresuchet.com\" target=\"_blank\" rel=\"noopener noreferrer\">contact@pierresuchet.com<\/a><\/p>\n<p>Pour vous abonner \u00e0 ma newsletter, envoyez un courriel ici (vous recevrez un mail sollicitant votre confirmation) : <a title=\"news-subscribe@pierresuchet.com\" href=\"mailto:news-subscribe@pierresuchet.com?subject=Abonnement%20Newsletter&amp;body=Merci%20de%20m%20abonner%20a%20votre%20newsletter\" target=\"_blank\" rel=\"noopener noreferrer\">news-subscribe@pierresuchet.com<\/a><\/p>\n","protected":false},"excerpt":{"rendered":"<p>&nbsp; Je m\u00e8ne des projets photographiques en collaboration avec des chercheurs en sciences humaines. Selon cette approche pluridisciplinaire, je r\u00e9alise depuis une d\u00e9cennie des enqu\u00eates g\u00e9o-photographiques sur les rivi\u00e8res urbaines, en France et \u00e0 l&rsquo;\u00e9tranger. J&rsquo;ai particip\u00e9 \u00e0 un projet pluri-disciplinaire sur la rivi\u00e8re Furan, \u00e0 Saint Etienne, en lien avec l&rsquo;universit\u00e9 Jean Monnet et&#8230;<\/p>\n","protected":false},"author":1,"featured_media":0,"parent":0,"menu_order":0,"comment_status":"closed","ping_status":"closed","template":"","meta":{"_monsterinsights_skip_tracking":false,"_monsterinsights_sitenote_active":false,"_monsterinsights_sitenote_note":"","_monsterinsights_sitenote_category":0,"ngg_post_thumbnail":0,"footnotes":""},"class_list":["post-34","page","type-page","status-publish","hentry"],"_links":{"self":[{"href":"https:\/\/www.pierresuchet.com\/index.php?rest_route=\/wp\/v2\/pages\/34","targetHints":{"allow":["GET"]}}],"collection":[{"href":"https:\/\/www.pierresuchet.com\/index.php?rest_route=\/wp\/v2\/pages"}],"about":[{"href":"https:\/\/www.pierresuchet.com\/index.php?rest_route=\/wp\/v2\/types\/page"}],"author":[{"embeddable":true,"href":"https:\/\/www.pierresuchet.com\/index.php?rest_route=\/wp\/v2\/users\/1"}],"replies":[{"embeddable":true,"href":"https:\/\/www.pierresuchet.com\/index.php?rest_route=%2Fwp%2Fv2%2Fcomments&post=34"}],"version-history":[{"count":89,"href":"https:\/\/www.pierresuchet.com\/index.php?rest_route=\/wp\/v2\/pages\/34\/revisions"}],"predecessor-version":[{"id":3459,"href":"https:\/\/www.pierresuchet.com\/index.php?rest_route=\/wp\/v2\/pages\/34\/revisions\/3459"}],"wp:attachment":[{"href":"https:\/\/www.pierresuchet.com\/index.php?rest_route=%2Fwp%2Fv2%2Fmedia&parent=34"}],"curies":[{"name":"wp","href":"https:\/\/api.w.org\/{rel}","templated":true}]}}