{"id":40,"date":"2011-10-18T15:35:32","date_gmt":"2011-10-18T13:35:32","guid":{"rendered":"http:\/\/www.pierresuchet.com\/Photo\/?page_id=40"},"modified":"2017-05-31T21:42:08","modified_gmt":"2017-05-31T19:42:08","slug":"a-la-recherche-de-laura","status":"publish","type":"page","link":"https:\/\/www.pierresuchet.com\/?page_id=40","title":{"rendered":"A la recherche de l&rsquo;aura"},"content":{"rendered":"<p>A l&rsquo;origine de cette s\u00e9rie, il y a un don. Des centaines de peintures, d&rsquo;esquisses, de travaux pr\u00e9paratoires. Des carnets d&rsquo;atelier. Des comptes-rendus d&rsquo;entretiens. Des traces d&rsquo;expositions r\u00e9alis\u00e9es et des projets inaboutis. L&rsquo;oeuvre d&rsquo;un peintre. Celle de mon oncle, Herv\u00e9, \u00e0 l&rsquo;approche de sa retraite. Pour lui, une volont\u00e9 de transmettre, de semer une nouvelle \u00ab\u00a0for\u00eat de bambous\u00a0\u00bb.<\/p>\n<p>Pour moi, c&rsquo;est d&rsquo;abord le temps de l&rsquo;exploration, de l&rsquo;inventaire, de la contemplation, de l&rsquo;interrogation. \u00ab\u00a0Une peinture qui vous regarde\u00a0\u00bb \u00e9crit Herv\u00e9 dans ses <a href=\"http:\/\/appelsdair.blogspot.com\/2011\/11\/carnets-datelier_21.html\" target=\"_blank\" rel=\"noopener noreferrer\">carnets d&rsquo;atelier<\/a>. Dans chacun de ses portraits, des yeux qui m&rsquo;interrogent : \u00ab\u00a0Que vas-tu faire de nous ?\u00a0\u00bb Il \u00e9tait hors de question pour moi de vendre ces tableaux. Leur valeur d&rsquo;usage s&rsquo;est impos\u00e9e comme une \u00e9vidence, \u00e0 l&rsquo;oppos\u00e9 de leur potentielle valeur d&rsquo;\u00e9change. Mais quel usage ?<\/p>\n<p>L&rsquo;id\u00e9e de mettre en sc\u00e8ne photographiquement ces peintures est venue un jour, intuitivement, en jouant avec le folding Zeiss Ikon que ma grand-m\u00e8re avait achet\u00e9 pour la naissance de ma m\u00e8re. Des mises en sc\u00e8ne invitant \u00e0 un dialogue ouvert entre peinture et photographie, pour explorer d&rsquo;autres chemins que le pictorialisme en photographie ou l&rsquo;hyper-r\u00e9alisme en peinture, pour m\u00e9langer les pigments et les pixels. Dans chaque photo, un accessoire rappelle un point commun entre les deux arts : la pince \u00e0 linge, symbole de la phase finale de s\u00e9chage des peintures\/tirages.<\/p>\n<p>Je me suis vite pris au jeu de cache-cache avec ces avatars, qui m&rsquo;offraient une solution prometteuse pour repr\u00e9senter des questions personnelles.<\/p>\n<p>La s\u00e9rie pr\u00e9sent\u00e9e ici est en cours, chaque photo \u00e9tant un point de d\u00e9part vers des directions diff\u00e9rentes qui restent encore \u00e0 explorer, d\u00e9velopper.<\/p>\n<p>&nbsp;<\/p>\n<p><img loading=\"lazy\" decoding=\"async\" class=\"aligncenter size-full wp-image-397\" src=\"https:\/\/www.pierresuchet.com\/Photo\/wp-content\/uploads\/2011\/10\/21042011-_MG_30221.jpg\" alt=\"\" width=\"900\" height=\"600\" srcset=\"https:\/\/www.pierresuchet.com\/Photo\/wp-content\/uploads\/2011\/10\/21042011-_MG_30221.jpg 900w, https:\/\/www.pierresuchet.com\/Photo\/wp-content\/uploads\/2011\/10\/21042011-_MG_30221-300x200.jpg 300w, https:\/\/www.pierresuchet.com\/Photo\/wp-content\/uploads\/2011\/10\/21042011-_MG_30221-280x186.jpg 280w\" sizes=\"auto, (max-width: 900px) 100vw, 900px\" \/><\/p>\n<p>&nbsp;<\/p>\n<p><img loading=\"lazy\" decoding=\"async\" class=\"aligncenter size-full wp-image-398\" src=\"https:\/\/www.pierresuchet.com\/Photo\/wp-content\/uploads\/2011\/10\/21042011-_MG_3059.jpg\" alt=\"\" width=\"900\" height=\"600\" srcset=\"https:\/\/www.pierresuchet.com\/Photo\/wp-content\/uploads\/2011\/10\/21042011-_MG_3059.jpg 900w, https:\/\/www.pierresuchet.com\/Photo\/wp-content\/uploads\/2011\/10\/21042011-_MG_3059-300x200.jpg 300w, https:\/\/www.pierresuchet.com\/Photo\/wp-content\/uploads\/2011\/10\/21042011-_MG_3059-280x186.jpg 280w\" sizes=\"auto, (max-width: 900px) 100vw, 900px\" \/><\/p>\n<p>&nbsp;<\/p>\n<p><img loading=\"lazy\" decoding=\"async\" class=\"aligncenter size-full wp-image-394\" src=\"https:\/\/www.pierresuchet.com\/Photo\/wp-content\/uploads\/2011\/10\/09062012-_MG_7378.jpg\" alt=\"\" width=\"900\" height=\"600\" srcset=\"https:\/\/www.pierresuchet.com\/Photo\/wp-content\/uploads\/2011\/10\/09062012-_MG_7378.jpg 900w, https:\/\/www.pierresuchet.com\/Photo\/wp-content\/uploads\/2011\/10\/09062012-_MG_7378-300x200.jpg 300w, https:\/\/www.pierresuchet.com\/Photo\/wp-content\/uploads\/2011\/10\/09062012-_MG_7378-280x186.jpg 280w\" sizes=\"auto, (max-width: 900px) 100vw, 900px\" \/><\/p>\n<p>&nbsp;<\/p>\n<p><img loading=\"lazy\" decoding=\"async\" class=\"aligncenter size-full wp-image-396\" src=\"https:\/\/www.pierresuchet.com\/Photo\/wp-content\/uploads\/2011\/10\/18072011-_MG_4227.jpg\" alt=\"\" width=\"900\" height=\"600\" srcset=\"https:\/\/www.pierresuchet.com\/Photo\/wp-content\/uploads\/2011\/10\/18072011-_MG_4227.jpg 900w, https:\/\/www.pierresuchet.com\/Photo\/wp-content\/uploads\/2011\/10\/18072011-_MG_4227-300x200.jpg 300w, https:\/\/www.pierresuchet.com\/Photo\/wp-content\/uploads\/2011\/10\/18072011-_MG_4227-280x186.jpg 280w\" sizes=\"auto, (max-width: 900px) 100vw, 900px\" \/><\/p>\n<p>&nbsp;<\/p>\n<p><img loading=\"lazy\" decoding=\"async\" class=\"aligncenter size-full wp-image-395\" src=\"https:\/\/www.pierresuchet.com\/Photo\/wp-content\/uploads\/2011\/10\/09062012-_MG_7380.jpg\" alt=\"\" width=\"900\" height=\"600\" srcset=\"https:\/\/www.pierresuchet.com\/Photo\/wp-content\/uploads\/2011\/10\/09062012-_MG_7380.jpg 900w, https:\/\/www.pierresuchet.com\/Photo\/wp-content\/uploads\/2011\/10\/09062012-_MG_7380-300x200.jpg 300w, https:\/\/www.pierresuchet.com\/Photo\/wp-content\/uploads\/2011\/10\/09062012-_MG_7380-280x186.jpg 280w\" sizes=\"auto, (max-width: 900px) 100vw, 900px\" \/><\/p>\n<p>&nbsp;<\/p>\n<p><img loading=\"lazy\" decoding=\"async\" class=\"aligncenter size-full wp-image-115\" src=\"https:\/\/www.pierresuchet.com\/Photo\/wp-content\/uploads\/2011\/10\/18072011-_MG_4242.jpg\" alt=\"\" width=\"900\" height=\"600\" srcset=\"https:\/\/www.pierresuchet.com\/Photo\/wp-content\/uploads\/2011\/10\/18072011-_MG_4242.jpg 900w, https:\/\/www.pierresuchet.com\/Photo\/wp-content\/uploads\/2011\/10\/18072011-_MG_4242-300x200.jpg 300w, https:\/\/www.pierresuchet.com\/Photo\/wp-content\/uploads\/2011\/10\/18072011-_MG_4242-280x186.jpg 280w\" sizes=\"auto, (max-width: 900px) 100vw, 900px\" \/><\/p>\n<p>&nbsp;<\/p>\n<p><img loading=\"lazy\" decoding=\"async\" class=\"aligncenter size-full wp-image-117\" src=\"https:\/\/www.pierresuchet.com\/Photo\/wp-content\/uploads\/2011\/10\/21042011-_MG_3031.jpg\" alt=\"\" width=\"400\" height=\"600\" srcset=\"https:\/\/www.pierresuchet.com\/Photo\/wp-content\/uploads\/2011\/10\/21042011-_MG_3031.jpg 400w, https:\/\/www.pierresuchet.com\/Photo\/wp-content\/uploads\/2011\/10\/21042011-_MG_3031-200x300.jpg 200w, https:\/\/www.pierresuchet.com\/Photo\/wp-content\/uploads\/2011\/10\/21042011-_MG_3031-280x420.jpg 280w\" sizes=\"auto, (max-width: 400px) 100vw, 400px\" \/><\/p>\n<p>&nbsp;<\/p>\n<p><img loading=\"lazy\" decoding=\"async\" class=\"aligncenter size-full wp-image-110\" src=\"https:\/\/www.pierresuchet.com\/Photo\/wp-content\/uploads\/2011\/10\/MG_8195.jpg\" alt=\"\" width=\"400\" height=\"600\" srcset=\"https:\/\/www.pierresuchet.com\/Photo\/wp-content\/uploads\/2011\/10\/MG_8195.jpg 400w, https:\/\/www.pierresuchet.com\/Photo\/wp-content\/uploads\/2011\/10\/MG_8195-200x300.jpg 200w, https:\/\/www.pierresuchet.com\/Photo\/wp-content\/uploads\/2011\/10\/MG_8195-280x420.jpg 280w\" sizes=\"auto, (max-width: 400px) 100vw, 400px\" \/><\/p>\n<p>&nbsp;<\/p>\n<p><img loading=\"lazy\" decoding=\"async\" class=\"aligncenter size-full wp-image-111\" src=\"https:\/\/www.pierresuchet.com\/Photo\/wp-content\/uploads\/2011\/10\/MG_9274.jpg\" alt=\"\" width=\"900\" height=\"600\" srcset=\"https:\/\/www.pierresuchet.com\/Photo\/wp-content\/uploads\/2011\/10\/MG_9274.jpg 900w, https:\/\/www.pierresuchet.com\/Photo\/wp-content\/uploads\/2011\/10\/MG_9274-300x200.jpg 300w, https:\/\/www.pierresuchet.com\/Photo\/wp-content\/uploads\/2011\/10\/MG_9274-280x186.jpg 280w\" sizes=\"auto, (max-width: 900px) 100vw, 900px\" \/><\/p>\n<p>&nbsp;<\/p>\n<p><img loading=\"lazy\" decoding=\"async\" class=\"aligncenter size-full wp-image-112\" src=\"https:\/\/www.pierresuchet.com\/Photo\/wp-content\/uploads\/2011\/10\/MG_9586.jpg\" alt=\"\" width=\"400\" height=\"600\" srcset=\"https:\/\/www.pierresuchet.com\/Photo\/wp-content\/uploads\/2011\/10\/MG_9586.jpg 400w, https:\/\/www.pierresuchet.com\/Photo\/wp-content\/uploads\/2011\/10\/MG_9586-200x300.jpg 200w, https:\/\/www.pierresuchet.com\/Photo\/wp-content\/uploads\/2011\/10\/MG_9586-280x420.jpg 280w\" sizes=\"auto, (max-width: 400px) 100vw, 400px\" \/><\/p>\n<p>&nbsp;<\/p>\n<p>&nbsp;<\/p>\n<p><img loading=\"lazy\" decoding=\"async\" class=\"aligncenter size-full wp-image-113\" src=\"https:\/\/www.pierresuchet.com\/Photo\/wp-content\/uploads\/2011\/10\/MG_9661.jpg\" alt=\"\" width=\"900\" height=\"600\" srcset=\"https:\/\/www.pierresuchet.com\/Photo\/wp-content\/uploads\/2011\/10\/MG_9661.jpg 900w, https:\/\/www.pierresuchet.com\/Photo\/wp-content\/uploads\/2011\/10\/MG_9661-300x200.jpg 300w, https:\/\/www.pierresuchet.com\/Photo\/wp-content\/uploads\/2011\/10\/MG_9661-280x186.jpg 280w\" sizes=\"auto, (max-width: 900px) 100vw, 900px\" \/><\/p>\n","protected":false},"excerpt":{"rendered":"<p>A l&rsquo;origine de cette s\u00e9rie, il y a un don. Des centaines de peintures, d&rsquo;esquisses, de travaux pr\u00e9paratoires. Des carnets d&rsquo;atelier. Des comptes-rendus d&rsquo;entretiens. Des traces d&rsquo;expositions r\u00e9alis\u00e9es et des projets inaboutis. L&rsquo;oeuvre d&rsquo;un peintre. Celle de mon oncle, Herv\u00e9, \u00e0 l&rsquo;approche de sa retraite. Pour lui, une volont\u00e9 de transmettre, de semer une nouvelle&#8230;<\/p>\n","protected":false},"author":1,"featured_media":0,"parent":0,"menu_order":0,"comment_status":"closed","ping_status":"closed","template":"","meta":{"_monsterinsights_skip_tracking":false,"_monsterinsights_sitenote_active":false,"_monsterinsights_sitenote_note":"","_monsterinsights_sitenote_category":0,"ngg_post_thumbnail":0,"footnotes":""},"class_list":["post-40","page","type-page","status-publish","hentry"],"_links":{"self":[{"href":"https:\/\/www.pierresuchet.com\/index.php?rest_route=\/wp\/v2\/pages\/40","targetHints":{"allow":["GET"]}}],"collection":[{"href":"https:\/\/www.pierresuchet.com\/index.php?rest_route=\/wp\/v2\/pages"}],"about":[{"href":"https:\/\/www.pierresuchet.com\/index.php?rest_route=\/wp\/v2\/types\/page"}],"author":[{"embeddable":true,"href":"https:\/\/www.pierresuchet.com\/index.php?rest_route=\/wp\/v2\/users\/1"}],"replies":[{"embeddable":true,"href":"https:\/\/www.pierresuchet.com\/index.php?rest_route=%2Fwp%2Fv2%2Fcomments&post=40"}],"version-history":[{"count":25,"href":"https:\/\/www.pierresuchet.com\/index.php?rest_route=\/wp\/v2\/pages\/40\/revisions"}],"predecessor-version":[{"id":1279,"href":"https:\/\/www.pierresuchet.com\/index.php?rest_route=\/wp\/v2\/pages\/40\/revisions\/1279"}],"wp:attachment":[{"href":"https:\/\/www.pierresuchet.com\/index.php?rest_route=%2Fwp%2Fv2%2Fmedia&parent=40"}],"curies":[{"name":"wp","href":"https:\/\/api.w.org\/{rel}","templated":true}]}}