{"id":472,"date":"2013-02-22T20:57:15","date_gmt":"2013-02-22T19:57:15","guid":{"rendered":"http:\/\/www.pierresuchet.com\/?page_id=472"},"modified":"2019-05-22T21:25:14","modified_gmt":"2019-05-22T19:25:14","slug":"terre-promise","status":"publish","type":"page","link":"https:\/\/www.pierresuchet.com\/?page_id=472","title":{"rendered":"Togo &#8211; Terre promise"},"content":{"rendered":"<p align=\"LEFT\"><span style=\"font-family: ITC Avant Garde Gothic Std Extra Light,sans-serif;\"><span style=\"font-size: small;\">J\u2019ai fait ce voyage au Togo pour me rendre \u00e0 un mariage. Je suis parti sans sujet a priori, vierge de repr\u00e9sentation visuelle, en m\u2019effor\u00e7ant d\u2019\u00e9vacuer toute id\u00e9e pr\u00e9con\u00e7ue, pour ce premier voyage en Afrique subsaharienne.<\/span><\/span><\/p>\n<p><span style=\"font-family: ITC Avant Garde Gothic Std Extra Light,sans-serif;\"><span style=\"font-size: small;\">Sur place, au hasard de mes d\u00e9placements \u00e0 pied dans les rues de Lom\u00e9, la capitale, j&rsquo;ai collect\u00e9 inconsciemment une s\u00e9rie de sc\u00e8nes symboliques, qui interrogent les diff\u00e9rents aspects de la vie quotidienne en \u00ab&nbsp;d\u00e9mocrature&nbsp;\u00bb. C&rsquo;est le terme qu&#8217;emploient les Togolais, pour \u00e9voquer leur syst\u00e8me politique : confiscation des richesses par une minorit\u00e9, corruption au sommet de l&rsquo;\u00e9tat, violence polici\u00e8re, accaparement des terres au m\u00e9pris des moyens de subsistance des populations,&#8230;, le tout avec le soutien de l&rsquo;ex-puissance coloniale : la France.<\/span><\/span><\/p>\n<p><span style=\"font-family: ITC Avant Garde Gothic Std Extra Light,sans-serif;\"><span style=\"font-size: small;\">Le choix du Noir et Blanc s\u2019est impos\u00e9 \u00e0 moi avant le d\u00e9part. Un moyen de r\u00e9sister \u00e0 la tentation de l\u2019exotisme souvent induite par la couleur. Une fa\u00e7on de me concentrer sur le sens. <\/span><\/span><\/p>\n<p><span style=\"font-family: ITC Avant Garde Gothic Std Extra Light,sans-serif;\"><span style=\"font-size: small;\">Les photos sont prises dans les rues de Lom\u00e9, la capitale, avec un Leica M6, un objectif Summicron 50mm et le film Ilford FP4.<\/span><\/span><\/p>\n<p>Cette s\u00e9rie a \u00e9t\u00e9 expos\u00e9e :<\/p>\n<p>. du 1er Octobre au 2 Novembre 2013, \u00e0 l\u2019Obamo Caf\u00e9, 124, rue du Dauphin\u00e9 69003 LYON<\/p>\n<p>. \u00e0 la Maison pour Tous (Salle des Rancy) \u00e0 Lyon du 2 F\u00e9vrier au 2 Mars 2015.<\/p>\n<p>&nbsp;<\/p>\n<p>Quelques <a href=\"https:\/\/www.pierresuchet.com\/?p=581\" target=\"_blank\" rel=\"noopener noreferrer\">commentaires<\/a> sur chaque photo de la s\u00e9rie.<\/p>\n<p>&nbsp;<\/p>\n","protected":false},"excerpt":{"rendered":"<p>J\u2019ai fait ce voyage au Togo pour me rendre \u00e0 un mariage. Je suis parti sans sujet a priori, vierge de repr\u00e9sentation visuelle, en m\u2019effor\u00e7ant d\u2019\u00e9vacuer toute id\u00e9e pr\u00e9con\u00e7ue, pour ce premier voyage en Afrique subsaharienne. Sur place, au hasard de mes d\u00e9placements \u00e0 pied dans les rues de Lom\u00e9, la capitale, j&rsquo;ai collect\u00e9 inconsciemment&#8230;<\/p>\n","protected":false},"author":1,"featured_media":0,"parent":0,"menu_order":0,"comment_status":"open","ping_status":"open","template":"","meta":{"_monsterinsights_skip_tracking":false,"_monsterinsights_sitenote_active":false,"_monsterinsights_sitenote_note":"","_monsterinsights_sitenote_category":0,"ngg_post_thumbnail":0,"footnotes":""},"class_list":["post-472","page","type-page","status-publish","hentry"],"_links":{"self":[{"href":"https:\/\/www.pierresuchet.com\/index.php?rest_route=\/wp\/v2\/pages\/472","targetHints":{"allow":["GET"]}}],"collection":[{"href":"https:\/\/www.pierresuchet.com\/index.php?rest_route=\/wp\/v2\/pages"}],"about":[{"href":"https:\/\/www.pierresuchet.com\/index.php?rest_route=\/wp\/v2\/types\/page"}],"author":[{"embeddable":true,"href":"https:\/\/www.pierresuchet.com\/index.php?rest_route=\/wp\/v2\/users\/1"}],"replies":[{"embeddable":true,"href":"https:\/\/www.pierresuchet.com\/index.php?rest_route=%2Fwp%2Fv2%2Fcomments&post=472"}],"version-history":[{"count":20,"href":"https:\/\/www.pierresuchet.com\/index.php?rest_route=\/wp\/v2\/pages\/472\/revisions"}],"predecessor-version":[{"id":1906,"href":"https:\/\/www.pierresuchet.com\/index.php?rest_route=\/wp\/v2\/pages\/472\/revisions\/1906"}],"wp:attachment":[{"href":"https:\/\/www.pierresuchet.com\/index.php?rest_route=%2Fwp%2Fv2%2Fmedia&parent=472"}],"curies":[{"name":"wp","href":"https:\/\/api.w.org\/{rel}","templated":true}]}}