{"id":55,"date":"2011-10-18T16:09:47","date_gmt":"2011-10-18T14:09:47","guid":{"rendered":"http:\/\/www.pierresuchet.com\/Photo\/?page_id=55"},"modified":"2017-05-31T22:08:28","modified_gmt":"2017-05-31T20:08:28","slug":"drole-dambiance","status":"publish","type":"page","link":"https:\/\/www.pierresuchet.com\/?page_id=55","title":{"rendered":"Plomber l&rsquo;Ambiance"},"content":{"rendered":"<p>En 2005, le cin\u00e9ma Ambiance \u00e0 Lyon assurait 100 000 entr\u00e9es par an.<\/p>\n<p>Courant 2006, son propri\u00e9taire d\u00e9cide de le vendre. Une offre de reprise est alors faite par une autre salle de la r\u00e9gion lyonnaise (\u00e0 un prix sup\u00e9rieur \u00e0 celui habituellement pratiqu\u00e9 pour ce genre de transaction). Cette offre permettait de maintenir le cin\u00e9ma et l&#8217;emploi des salari\u00e9s de l&rsquo;Ambiance. Le propri\u00e9taire a pr\u00e9f\u00e9r\u00e9 vendre au plus offrant (un groupe immobilier).<\/p>\n<p>Les projectionnistes de l&rsquo;Ambiance ont appris leur licenciement par la presse mi Novembre 2006. Le cin\u00e9ma Ambiance a ferm\u00e9 ses portes d\u00e9finitivement le 15 D\u00e9cembre 2006. Une \u00e9picerie affili\u00e9e \u00e0 un grand r\u00e9seau de distribution est d\u00e9sormais install\u00e9e \u00e0 la place du cin\u00e9ma.<\/p>\n<p>Les photos ont \u00e9t\u00e9 prises le 16 D\u00e9cembre 2006, le lendemain de la derni\u00e8re s\u00e9ance et la veille du d\u00e9mant\u00e8lement du cin\u00e9ma.<\/p>\n<p>___________________________________<\/p>\n<p>Cette s\u00e9rie de photos a \u00e9t\u00e9 expos\u00e9e \u00e0 la Librairie A plus d&rsquo;un titre \u00e0 Lyon en Octobre 2009. Les b\u00e9n\u00e9fices de la vente des photos ont \u00e9t\u00e9 revers\u00e9s \u00e0 l&rsquo;association <a title=\"Enjeux sur image\" href=\"http:\/\/www.enjeuxsurimage.org\/\" target=\"_blank\" rel=\"noopener noreferrer\">Enjeux sur image<\/a>, cr\u00e9\u00e9e fin 2009, suite \u00e0 la fermeture, dans des circonstances similaires, du CNP Od\u00e9on, un autre cin\u00e9ma lyonnais.<\/p>\n<p>Quelques commentaires sur l&rsquo;exposition dans une interview donn\u00e9e \u00e0 la revue <a href=\"http:\/\/www.cinemapolis.fr\/227-questions-a-pierre-suchet\/\" target=\"_blank\" rel=\"noopener noreferrer\">Cinemapolis<\/a>.<\/p>\n<p>&nbsp;<\/p>\n<p>&nbsp;<\/p>\n<p><img loading=\"lazy\" decoding=\"async\" class=\"aligncenter size-full wp-image-56\" src=\"https:\/\/www.pierresuchet.com\/Photo\/wp-content\/uploads\/2011\/10\/IMG_1428.jpg\" alt=\"\" width=\"900\" height=\"600\" srcset=\"https:\/\/www.pierresuchet.com\/Photo\/wp-content\/uploads\/2011\/10\/IMG_1428.jpg 900w, https:\/\/www.pierresuchet.com\/Photo\/wp-content\/uploads\/2011\/10\/IMG_1428-300x200.jpg 300w, https:\/\/www.pierresuchet.com\/Photo\/wp-content\/uploads\/2011\/10\/IMG_1428-280x186.jpg 280w\" sizes=\"auto, (max-width: 900px) 100vw, 900px\" \/><\/p>\n<p>&nbsp;<\/p>\n<p><img loading=\"lazy\" decoding=\"async\" class=\"aligncenter size-full wp-image-61\" src=\"https:\/\/www.pierresuchet.com\/Photo\/wp-content\/uploads\/2011\/10\/IMG_1465.jpg\" alt=\"\" width=\"900\" height=\"600\" srcset=\"https:\/\/www.pierresuchet.com\/Photo\/wp-content\/uploads\/2011\/10\/IMG_1465.jpg 900w, https:\/\/www.pierresuchet.com\/Photo\/wp-content\/uploads\/2011\/10\/IMG_1465-300x200.jpg 300w, https:\/\/www.pierresuchet.com\/Photo\/wp-content\/uploads\/2011\/10\/IMG_1465-280x186.jpg 280w\" sizes=\"auto, (max-width: 900px) 100vw, 900px\" \/><\/p>\n<p>&nbsp;<\/p>\n<p><img loading=\"lazy\" decoding=\"async\" class=\"aligncenter size-full wp-image-62\" src=\"https:\/\/www.pierresuchet.com\/Photo\/wp-content\/uploads\/2011\/10\/IMG_1467.jpg\" alt=\"\" width=\"900\" height=\"600\" srcset=\"https:\/\/www.pierresuchet.com\/Photo\/wp-content\/uploads\/2011\/10\/IMG_1467.jpg 900w, https:\/\/www.pierresuchet.com\/Photo\/wp-content\/uploads\/2011\/10\/IMG_1467-300x200.jpg 300w, https:\/\/www.pierresuchet.com\/Photo\/wp-content\/uploads\/2011\/10\/IMG_1467-280x186.jpg 280w\" sizes=\"auto, (max-width: 900px) 100vw, 900px\" \/><\/p>\n<p>&nbsp;<\/p>\n<p><img loading=\"lazy\" decoding=\"async\" class=\"aligncenter size-full wp-image-57\" src=\"https:\/\/www.pierresuchet.com\/Photo\/wp-content\/uploads\/2011\/10\/IMG_1433.jpg\" alt=\"\" width=\"900\" height=\"600\" srcset=\"https:\/\/www.pierresuchet.com\/Photo\/wp-content\/uploads\/2011\/10\/IMG_1433.jpg 900w, https:\/\/www.pierresuchet.com\/Photo\/wp-content\/uploads\/2011\/10\/IMG_1433-300x200.jpg 300w, https:\/\/www.pierresuchet.com\/Photo\/wp-content\/uploads\/2011\/10\/IMG_1433-280x186.jpg 280w\" sizes=\"auto, (max-width: 900px) 100vw, 900px\" \/><\/p>\n<p>&nbsp;<\/p>\n<p><img loading=\"lazy\" decoding=\"async\" class=\"aligncenter size-full wp-image-58\" src=\"https:\/\/www.pierresuchet.com\/Photo\/wp-content\/uploads\/2011\/10\/IMG_1434.jpg\" alt=\"\" width=\"900\" height=\"600\" srcset=\"https:\/\/www.pierresuchet.com\/Photo\/wp-content\/uploads\/2011\/10\/IMG_1434.jpg 900w, https:\/\/www.pierresuchet.com\/Photo\/wp-content\/uploads\/2011\/10\/IMG_1434-300x200.jpg 300w, https:\/\/www.pierresuchet.com\/Photo\/wp-content\/uploads\/2011\/10\/IMG_1434-280x186.jpg 280w\" sizes=\"auto, (max-width: 900px) 100vw, 900px\" \/><\/p>\n<p>&nbsp;<\/p>\n<p><img loading=\"lazy\" decoding=\"async\" class=\"aligncenter size-full wp-image-64\" src=\"https:\/\/www.pierresuchet.com\/Photo\/wp-content\/uploads\/2011\/10\/IMG_1471.jpg\" alt=\"\" width=\"900\" height=\"600\" srcset=\"https:\/\/www.pierresuchet.com\/Photo\/wp-content\/uploads\/2011\/10\/IMG_1471.jpg 900w, https:\/\/www.pierresuchet.com\/Photo\/wp-content\/uploads\/2011\/10\/IMG_1471-300x200.jpg 300w, https:\/\/www.pierresuchet.com\/Photo\/wp-content\/uploads\/2011\/10\/IMG_1471-280x186.jpg 280w\" sizes=\"auto, (max-width: 900px) 100vw, 900px\" \/><\/p>\n<p>&nbsp;<\/p>\n<p><img loading=\"lazy\" decoding=\"async\" class=\"aligncenter size-full wp-image-59\" src=\"https:\/\/www.pierresuchet.com\/Photo\/wp-content\/uploads\/2011\/10\/IMG_1451.jpg\" alt=\"\" width=\"900\" height=\"600\" srcset=\"https:\/\/www.pierresuchet.com\/Photo\/wp-content\/uploads\/2011\/10\/IMG_1451.jpg 900w, https:\/\/www.pierresuchet.com\/Photo\/wp-content\/uploads\/2011\/10\/IMG_1451-300x200.jpg 300w, https:\/\/www.pierresuchet.com\/Photo\/wp-content\/uploads\/2011\/10\/IMG_1451-280x186.jpg 280w\" sizes=\"auto, (max-width: 900px) 100vw, 900px\" \/><\/p>\n<p>&nbsp;<\/p>\n<p><img loading=\"lazy\" decoding=\"async\" class=\"aligncenter size-full wp-image-65\" src=\"https:\/\/www.pierresuchet.com\/Photo\/wp-content\/uploads\/2011\/10\/IMG_1476.jpg\" alt=\"\" width=\"900\" height=\"600\" srcset=\"https:\/\/www.pierresuchet.com\/Photo\/wp-content\/uploads\/2011\/10\/IMG_1476.jpg 900w, https:\/\/www.pierresuchet.com\/Photo\/wp-content\/uploads\/2011\/10\/IMG_1476-300x200.jpg 300w, https:\/\/www.pierresuchet.com\/Photo\/wp-content\/uploads\/2011\/10\/IMG_1476-280x186.jpg 280w\" sizes=\"auto, (max-width: 900px) 100vw, 900px\" \/><\/p>\n<p>&nbsp;<\/p>\n<p><img loading=\"lazy\" decoding=\"async\" class=\"aligncenter size-full wp-image-66\" src=\"https:\/\/www.pierresuchet.com\/Photo\/wp-content\/uploads\/2011\/10\/IMG_1479.jpg\" alt=\"\" width=\"900\" height=\"600\" srcset=\"https:\/\/www.pierresuchet.com\/Photo\/wp-content\/uploads\/2011\/10\/IMG_1479.jpg 900w, https:\/\/www.pierresuchet.com\/Photo\/wp-content\/uploads\/2011\/10\/IMG_1479-300x200.jpg 300w, https:\/\/www.pierresuchet.com\/Photo\/wp-content\/uploads\/2011\/10\/IMG_1479-280x186.jpg 280w\" sizes=\"auto, (max-width: 900px) 100vw, 900px\" \/><\/p>\n<p>&nbsp;<\/p>\n<p><img loading=\"lazy\" decoding=\"async\" class=\"aligncenter size-full wp-image-60\" src=\"https:\/\/www.pierresuchet.com\/Photo\/wp-content\/uploads\/2011\/10\/IMG_1457.jpg\" alt=\"\" width=\"900\" height=\"600\" srcset=\"https:\/\/www.pierresuchet.com\/Photo\/wp-content\/uploads\/2011\/10\/IMG_1457.jpg 900w, https:\/\/www.pierresuchet.com\/Photo\/wp-content\/uploads\/2011\/10\/IMG_1457-300x200.jpg 300w, https:\/\/www.pierresuchet.com\/Photo\/wp-content\/uploads\/2011\/10\/IMG_1457-280x186.jpg 280w\" sizes=\"auto, (max-width: 900px) 100vw, 900px\" \/><\/p>\n<p>&nbsp;<\/p>\n<p><img loading=\"lazy\" decoding=\"async\" class=\"aligncenter size-full wp-image-63\" src=\"https:\/\/www.pierresuchet.com\/Photo\/wp-content\/uploads\/2011\/10\/IMG_1469.jpg\" alt=\"\" width=\"900\" height=\"600\" srcset=\"https:\/\/www.pierresuchet.com\/Photo\/wp-content\/uploads\/2011\/10\/IMG_1469.jpg 900w, https:\/\/www.pierresuchet.com\/Photo\/wp-content\/uploads\/2011\/10\/IMG_1469-300x200.jpg 300w, https:\/\/www.pierresuchet.com\/Photo\/wp-content\/uploads\/2011\/10\/IMG_1469-280x186.jpg 280w\" sizes=\"auto, (max-width: 900px) 100vw, 900px\" \/><\/p>\n<p>&nbsp;<\/p>\n<p><img loading=\"lazy\" decoding=\"async\" class=\"aligncenter size-full wp-image-67\" src=\"https:\/\/www.pierresuchet.com\/Photo\/wp-content\/uploads\/2011\/10\/IMG_1486.jpg\" alt=\"\" width=\"400\" height=\"600\" srcset=\"https:\/\/www.pierresuchet.com\/Photo\/wp-content\/uploads\/2011\/10\/IMG_1486.jpg 400w, https:\/\/www.pierresuchet.com\/Photo\/wp-content\/uploads\/2011\/10\/IMG_1486-200x300.jpg 200w, https:\/\/www.pierresuchet.com\/Photo\/wp-content\/uploads\/2011\/10\/IMG_1486-280x420.jpg 280w\" sizes=\"auto, (max-width: 400px) 100vw, 400px\" \/><\/p>\n","protected":false},"excerpt":{"rendered":"<p>En 2005, le cin\u00e9ma Ambiance \u00e0 Lyon assurait 100 000 entr\u00e9es par an. Courant 2006, son propri\u00e9taire d\u00e9cide de le vendre. Une offre de reprise est alors faite par une autre salle de la r\u00e9gion lyonnaise (\u00e0 un prix sup\u00e9rieur \u00e0 celui habituellement pratiqu\u00e9 pour ce genre de transaction). Cette offre permettait de maintenir le&#8230;<\/p>\n","protected":false},"author":1,"featured_media":62,"parent":0,"menu_order":0,"comment_status":"closed","ping_status":"closed","template":"","meta":{"_monsterinsights_skip_tracking":false,"_monsterinsights_sitenote_active":false,"_monsterinsights_sitenote_note":"","_monsterinsights_sitenote_category":0,"ngg_post_thumbnail":0,"footnotes":""},"class_list":["post-55","page","type-page","status-publish","has-post-thumbnail","hentry"],"_links":{"self":[{"href":"https:\/\/www.pierresuchet.com\/index.php?rest_route=\/wp\/v2\/pages\/55","targetHints":{"allow":["GET"]}}],"collection":[{"href":"https:\/\/www.pierresuchet.com\/index.php?rest_route=\/wp\/v2\/pages"}],"about":[{"href":"https:\/\/www.pierresuchet.com\/index.php?rest_route=\/wp\/v2\/types\/page"}],"author":[{"embeddable":true,"href":"https:\/\/www.pierresuchet.com\/index.php?rest_route=\/wp\/v2\/users\/1"}],"replies":[{"embeddable":true,"href":"https:\/\/www.pierresuchet.com\/index.php?rest_route=%2Fwp%2Fv2%2Fcomments&post=55"}],"version-history":[{"count":18,"href":"https:\/\/www.pierresuchet.com\/index.php?rest_route=\/wp\/v2\/pages\/55\/revisions"}],"predecessor-version":[{"id":1290,"href":"https:\/\/www.pierresuchet.com\/index.php?rest_route=\/wp\/v2\/pages\/55\/revisions\/1290"}],"wp:featuredmedia":[{"embeddable":true,"href":"https:\/\/www.pierresuchet.com\/index.php?rest_route=\/wp\/v2\/media\/62"}],"wp:attachment":[{"href":"https:\/\/www.pierresuchet.com\/index.php?rest_route=%2Fwp%2Fv2%2Fmedia&parent=55"}],"curies":[{"name":"wp","href":"https:\/\/api.w.org\/{rel}","templated":true}]}}