{"id":739,"date":"2014-09-19T12:13:40","date_gmt":"2014-09-19T10:13:40","guid":{"rendered":"http:\/\/www.pierresuchet.com\/?page_id=739"},"modified":"2025-02-09T17:45:25","modified_gmt":"2025-02-09T16:45:25","slug":"reseaux-sociaux","status":"publish","type":"page","link":"https:\/\/www.pierresuchet.com\/?page_id=739","title":{"rendered":"R\u00e9seaux sociaux, Newsletter et Contact"},"content":{"rendered":"<p>Pour prolonger la visite et\/ou \u00eatre inform\u00e9 de mes expositions, je suis pr\u00e9sent ici :<\/p>\n<p><a href=\"https:\/\/www.flickr.com\/photos\/paysage_du_temps\/\" target=\"_blank\" rel=\"noopener noreferrer\"><strong>Flickr<\/strong><\/a><br \/>\n<a href=\"https:\/\/www.facebook.com\/Pierre.Suchet.Photographie\" target=\"_blank\" rel=\"noopener noreferrer\"><strong>Facebook<\/strong><\/a><br \/>\n<a href=\"https:\/\/twitter.com\/PierreSuchet\" target=\"_blank\" rel=\"noopener noreferrer\"><strong>Twitter (de moins en moins)<\/strong><\/a><br \/>\n<a href=\"http:\/\/instagram.com\/pierresuchet\" target=\"_blank\" rel=\"noopener noreferrer\"><strong>Instagram<\/strong><\/a><br \/>\n<strong><a href=\"https:\/\/mapstodon.space\/@pierresuchet\" target=\"_blank\" rel=\"noopener\">Mastodon<\/a><\/strong><br \/>\n<strong><a href=\"https:\/\/bsky.app\/profile\/pierresuchet.bsky.social\" target=\"_blank\" rel=\"noopener\">Bluesky<\/a><\/strong><\/p>\n<p>Vous pouvez aussi m&rsquo;\u00e9crire ici : <a title=\"contact@pierre.suchet.com\" href=\"mailto:contact@pierresuchet.com\" target=\"_blank\" rel=\"noopener noreferrer\">contact@pierresuchet.com<\/a><\/p>\n<p>Pour vous abonner \u00e0 ma newsletter, envoyez un mail ici (vous recevrez un mail sollicitant votre confirmation) : <a title=\"news-subscribe@pierresuchet.com\" href=\"mailto:news-subscribe@pierresuchet.com?subject=Abonnement%20Newsletter&amp;body=Merci%20de%20m%20abonner%20a%20votre%20newsletter\" target=\"_blank\" rel=\"noopener noreferrer\">news-subscribe@pierresuchet.com<\/a><\/p>\n","protected":false},"excerpt":{"rendered":"<p>Pour prolonger la visite et\/ou \u00eatre inform\u00e9 de mes expositions, je suis pr\u00e9sent ici : Flickr Facebook Twitter (de moins en moins) Instagram Mastodon Bluesky Vous pouvez aussi m&rsquo;\u00e9crire ici : contact@pierresuchet.com Pour vous abonner \u00e0 ma newsletter, envoyez un mail ici (vous recevrez un mail sollicitant votre confirmation) : news-subscribe@pierresuchet.com<\/p>\n","protected":false},"author":1,"featured_media":0,"parent":0,"menu_order":0,"comment_status":"open","ping_status":"open","template":"","meta":{"_monsterinsights_skip_tracking":false,"_monsterinsights_sitenote_active":false,"_monsterinsights_sitenote_note":"","_monsterinsights_sitenote_category":0,"ngg_post_thumbnail":0,"footnotes":""},"class_list":["post-739","page","type-page","status-publish","hentry"],"_links":{"self":[{"href":"https:\/\/www.pierresuchet.com\/index.php?rest_route=\/wp\/v2\/pages\/739","targetHints":{"allow":["GET"]}}],"collection":[{"href":"https:\/\/www.pierresuchet.com\/index.php?rest_route=\/wp\/v2\/pages"}],"about":[{"href":"https:\/\/www.pierresuchet.com\/index.php?rest_route=\/wp\/v2\/types\/page"}],"author":[{"embeddable":true,"href":"https:\/\/www.pierresuchet.com\/index.php?rest_route=\/wp\/v2\/users\/1"}],"replies":[{"embeddable":true,"href":"https:\/\/www.pierresuchet.com\/index.php?rest_route=%2Fwp%2Fv2%2Fcomments&post=739"}],"version-history":[{"count":24,"href":"https:\/\/www.pierresuchet.com\/index.php?rest_route=\/wp\/v2\/pages\/739\/revisions"}],"predecessor-version":[{"id":3334,"href":"https:\/\/www.pierresuchet.com\/index.php?rest_route=\/wp\/v2\/pages\/739\/revisions\/3334"}],"wp:attachment":[{"href":"https:\/\/www.pierresuchet.com\/index.php?rest_route=%2Fwp%2Fv2%2Fmedia&parent=739"}],"curies":[{"name":"wp","href":"https:\/\/api.w.org\/{rel}","templated":true}]}}