{"id":795,"date":"2014-10-09T19:25:22","date_gmt":"2014-10-09T17:25:22","guid":{"rendered":"http:\/\/www.pierresuchet.com\/?page_id=795"},"modified":"2016-09-07T22:14:34","modified_gmt":"2016-09-07T20:14:34","slug":"inversion-de-la-courbe","status":"publish","type":"page","link":"https:\/\/www.pierresuchet.com\/?page_id=795","title":{"rendered":"Inversion de la courbe I"},"content":{"rendered":"<p>Inversion de la courbe du ch\u00f4mage, retour de la croissance, baisse des d\u00e9penses publiques, hausse de l&rsquo;indice CAC40, &#8230; Nous sommes quotidiennement confront\u00e9s \u00e0 ces indicateurs omni-pr\u00e9sents dans le discours politique.<\/p>\n<p>Les mains courantes qui longent les nombreux escaliers des collines de la Croix-Rousse et de Fourvi\u00e8re \u00e0 Lyon m&rsquo;ont donn\u00e9 le pr\u00e9texte pour interroger ces s\u00e9ries de chiffres. J&rsquo;ai \u00e9t\u00e9 surpris par les similitudes entre le travail des statisticiens et celui des photographes, par la proximit\u00e9 des questions pos\u00e9es.<\/p>\n<p>En premier lieu, il y a la forme du r\u00e9sultat : majoritairement un rectangle, repr\u00e9sentation en deux dimensions, imprim\u00e9e sur un support physique ou affich\u00e9e sur un \u00e9cran.<\/p>\n<p>Une forme qui induit un cadre, qui d\u00e9limite une portion de la r\u00e9alit\u00e9, qui mat\u00e9rialise un choix devant le monde, de ce qu&rsquo;on inclut et de ce qu&rsquo;on exclut.<\/p>\n<p>Dans les deux cas, une d\u00e9cision sur la portion de temps que l&rsquo;on d\u00e9cide de repr\u00e9senter.<\/p>\n<p>Syst\u00e9matiquement dans un cas, souvent dans l&rsquo;autre, une l\u00e9gende qui nomme ou contextualise.<\/p>\n<p>Une propri\u00e9t\u00e9 commune et singuli\u00e8re : celle de modifier le comportement des individus et des collectivit\u00e9s mesur\u00e9s ou photographi\u00e9s.<\/p>\n<p>&nbsp;<\/p>\n<p>&nbsp;<\/p>\n<p><img loading=\"lazy\" decoding=\"async\" class=\"alignnone size-full wp-image-796\" src=\"https:\/\/www.pierresuchet.com\/Photo\/wp-content\/uploads\/2014\/10\/Inversion-Courbe-10.jpg\" alt=\"Inversion-Courbe-10\" width=\"907\" height=\"600\" srcset=\"https:\/\/www.pierresuchet.com\/Photo\/wp-content\/uploads\/2014\/10\/Inversion-Courbe-10.jpg 907w, https:\/\/www.pierresuchet.com\/Photo\/wp-content\/uploads\/2014\/10\/Inversion-Courbe-10-300x198.jpg 300w, https:\/\/www.pierresuchet.com\/Photo\/wp-content\/uploads\/2014\/10\/Inversion-Courbe-10-280x185.jpg 280w\" sizes=\"auto, (max-width: 907px) 100vw, 907px\" \/>Baisse r\u00e9p\u00e9t\u00e9e du cours du bulletin de vote<\/p>\n<p><img loading=\"lazy\" decoding=\"async\" class=\"alignnone size-full wp-image-797\" src=\"https:\/\/www.pierresuchet.com\/Photo\/wp-content\/uploads\/2014\/10\/Inversion-Courbe-11.jpg\" alt=\"Inversion-Courbe-11\" width=\"898\" height=\"600\" srcset=\"https:\/\/www.pierresuchet.com\/Photo\/wp-content\/uploads\/2014\/10\/Inversion-Courbe-11.jpg 898w, https:\/\/www.pierresuchet.com\/Photo\/wp-content\/uploads\/2014\/10\/Inversion-Courbe-11-300x200.jpg 300w, https:\/\/www.pierresuchet.com\/Photo\/wp-content\/uploads\/2014\/10\/Inversion-Courbe-11-280x187.jpg 280w\" sizes=\"auto, (max-width: 898px) 100vw, 898px\" \/>Acc\u00e9l\u00e9ration brutale du \u00ab\u00a0deux poids &#8211; deux mesures\u00a0\u00bb<\/p>\n<p><img loading=\"lazy\" decoding=\"async\" class=\"alignnone size-full wp-image-798\" src=\"https:\/\/www.pierresuchet.com\/Photo\/wp-content\/uploads\/2014\/10\/Inversion-Courbe-12.jpg\" alt=\"Inversion-Courbe-12\" width=\"910\" height=\"600\" srcset=\"https:\/\/www.pierresuchet.com\/Photo\/wp-content\/uploads\/2014\/10\/Inversion-Courbe-12.jpg 910w, https:\/\/www.pierresuchet.com\/Photo\/wp-content\/uploads\/2014\/10\/Inversion-Courbe-12-300x197.jpg 300w, https:\/\/www.pierresuchet.com\/Photo\/wp-content\/uploads\/2014\/10\/Inversion-Courbe-12-280x184.jpg 280w\" sizes=\"auto, (max-width: 910px) 100vw, 910px\" \/>Glissade rapide des valeurs des producteurs de toboggans<\/p>\n<p><img loading=\"lazy\" decoding=\"async\" class=\"alignnone size-full wp-image-799\" src=\"https:\/\/www.pierresuchet.com\/Photo\/wp-content\/uploads\/2014\/10\/Inversion-Courbe-13.jpg\" alt=\"Inversion-Courbe-13\" width=\"918\" height=\"600\" srcset=\"https:\/\/www.pierresuchet.com\/Photo\/wp-content\/uploads\/2014\/10\/Inversion-Courbe-13.jpg 918w, https:\/\/www.pierresuchet.com\/Photo\/wp-content\/uploads\/2014\/10\/Inversion-Courbe-13-300x196.jpg 300w, https:\/\/www.pierresuchet.com\/Photo\/wp-content\/uploads\/2014\/10\/Inversion-Courbe-13-280x183.jpg 280w\" sizes=\"auto, (max-width: 918px) 100vw, 918px\" \/>Explosion impr\u00e9vue des ventes de lubrifiant<\/p>\n<p><img loading=\"lazy\" decoding=\"async\" class=\"alignnone size-full wp-image-800\" src=\"https:\/\/www.pierresuchet.com\/Photo\/wp-content\/uploads\/2014\/10\/Inversion-Courbe-14.jpg\" alt=\"Inversion-Courbe-14\" width=\"913\" height=\"600\" srcset=\"https:\/\/www.pierresuchet.com\/Photo\/wp-content\/uploads\/2014\/10\/Inversion-Courbe-14.jpg 913w, https:\/\/www.pierresuchet.com\/Photo\/wp-content\/uploads\/2014\/10\/Inversion-Courbe-14-300x197.jpg 300w, https:\/\/www.pierresuchet.com\/Photo\/wp-content\/uploads\/2014\/10\/Inversion-Courbe-14-280x184.jpg 280w\" sizes=\"auto, (max-width: 913px) 100vw, 913px\" \/>Rebond ponctuel des tendances \u00e0 la procrastination<\/p>\n<p><img loading=\"lazy\" decoding=\"async\" class=\"alignnone size-full wp-image-801\" src=\"https:\/\/www.pierresuchet.com\/Photo\/wp-content\/uploads\/2014\/10\/Inversion-Courbe-15.jpg\" alt=\"Inversion-Courbe-15\" width=\"905\" height=\"600\" srcset=\"https:\/\/www.pierresuchet.com\/Photo\/wp-content\/uploads\/2014\/10\/Inversion-Courbe-15.jpg 905w, https:\/\/www.pierresuchet.com\/Photo\/wp-content\/uploads\/2014\/10\/Inversion-Courbe-15-300x198.jpg 300w, https:\/\/www.pierresuchet.com\/Photo\/wp-content\/uploads\/2014\/10\/Inversion-Courbe-15-280x185.jpg 280w\" sizes=\"auto, (max-width: 905px) 100vw, 905px\" \/>Hausse continue des candidatures \u00e0 l\u2019\u00e9migration sur la Lune<\/p>\n<p><img loading=\"lazy\" decoding=\"async\" class=\"alignnone size-full wp-image-802\" src=\"https:\/\/www.pierresuchet.com\/Photo\/wp-content\/uploads\/2014\/10\/Inversion-Courbe-16.jpg\" alt=\"Inversion-Courbe-16\" width=\"922\" height=\"600\" srcset=\"https:\/\/www.pierresuchet.com\/Photo\/wp-content\/uploads\/2014\/10\/Inversion-Courbe-16.jpg 922w, https:\/\/www.pierresuchet.com\/Photo\/wp-content\/uploads\/2014\/10\/Inversion-Courbe-16-300x195.jpg 300w, https:\/\/www.pierresuchet.com\/Photo\/wp-content\/uploads\/2014\/10\/Inversion-Courbe-16-280x182.jpg 280w\" sizes=\"auto, (max-width: 922px) 100vw, 922px\" \/>Effondrement impr\u00e9visible de la vitesse des courants d\u2019air<\/p>\n<p><img loading=\"lazy\" decoding=\"async\" class=\"alignnone size-full wp-image-803\" src=\"https:\/\/www.pierresuchet.com\/Photo\/wp-content\/uploads\/2014\/10\/Inversion-Courbe-17.jpg\" alt=\"Inversion-Courbe-17\" width=\"886\" height=\"600\" srcset=\"https:\/\/www.pierresuchet.com\/Photo\/wp-content\/uploads\/2014\/10\/Inversion-Courbe-17.jpg 886w, https:\/\/www.pierresuchet.com\/Photo\/wp-content\/uploads\/2014\/10\/Inversion-Courbe-17-300x203.jpg 300w, https:\/\/www.pierresuchet.com\/Photo\/wp-content\/uploads\/2014\/10\/Inversion-Courbe-17-280x189.jpg 280w\" sizes=\"auto, (max-width: 886px) 100vw, 886px\" \/>Progression discr\u00e8te de l\u2019\u00e9paisseur des poussi\u00e8res sous le tapis<\/p>\n<p><img loading=\"lazy\" decoding=\"async\" class=\"alignnone size-full wp-image-804\" src=\"https:\/\/www.pierresuchet.com\/Photo\/wp-content\/uploads\/2014\/10\/Inversion-Courbe-18.jpg\" alt=\"Inversion-Courbe-18\" width=\"907\" height=\"600\" srcset=\"https:\/\/www.pierresuchet.com\/Photo\/wp-content\/uploads\/2014\/10\/Inversion-Courbe-18.jpg 907w, https:\/\/www.pierresuchet.com\/Photo\/wp-content\/uploads\/2014\/10\/Inversion-Courbe-18-300x198.jpg 300w, https:\/\/www.pierresuchet.com\/Photo\/wp-content\/uploads\/2014\/10\/Inversion-Courbe-18-280x185.jpg 280w\" sizes=\"auto, (max-width: 907px) 100vw, 907px\" \/>Extension fulgurante du domaine du cynisme<\/p>\n<p><img loading=\"lazy\" decoding=\"async\" class=\"alignnone size-full wp-image-805\" src=\"https:\/\/www.pierresuchet.com\/Photo\/wp-content\/uploads\/2014\/10\/Inversion-Courbe-19.jpg\" alt=\"Inversion-Courbe-19\" width=\"912\" height=\"600\" srcset=\"https:\/\/www.pierresuchet.com\/Photo\/wp-content\/uploads\/2014\/10\/Inversion-Courbe-19.jpg 912w, https:\/\/www.pierresuchet.com\/Photo\/wp-content\/uploads\/2014\/10\/Inversion-Courbe-19-300x197.jpg 300w, https:\/\/www.pierresuchet.com\/Photo\/wp-content\/uploads\/2014\/10\/Inversion-Courbe-19-280x184.jpg 280w\" sizes=\"auto, (max-width: 912px) 100vw, 912px\" \/>Inflexion provisoire de la couleur du fond de l&rsquo;air<\/p>\n<p><img loading=\"lazy\" decoding=\"async\" class=\"alignnone size-full wp-image-806\" src=\"https:\/\/www.pierresuchet.com\/Photo\/wp-content\/uploads\/2014\/10\/Inversion-Courbe-20.jpg\" alt=\"Inversion-Courbe-20\" width=\"914\" height=\"600\" srcset=\"https:\/\/www.pierresuchet.com\/Photo\/wp-content\/uploads\/2014\/10\/Inversion-Courbe-20.jpg 914w, https:\/\/www.pierresuchet.com\/Photo\/wp-content\/uploads\/2014\/10\/Inversion-Courbe-20-300x196.jpg 300w, https:\/\/www.pierresuchet.com\/Photo\/wp-content\/uploads\/2014\/10\/Inversion-Courbe-20-280x183.jpg 280w\" sizes=\"auto, (max-width: 914px) 100vw, 914px\" \/>Repli r\u00e9gulier du dolce farniente<\/p>\n<p><img loading=\"lazy\" decoding=\"async\" class=\"alignnone size-full wp-image-807\" src=\"https:\/\/www.pierresuchet.com\/Photo\/wp-content\/uploads\/2014\/10\/Inversion-Courbe-21.jpg\" alt=\"Inversion-Courbe-21\" width=\"900\" height=\"600\" srcset=\"https:\/\/www.pierresuchet.com\/Photo\/wp-content\/uploads\/2014\/10\/Inversion-Courbe-21.jpg 900w, https:\/\/www.pierresuchet.com\/Photo\/wp-content\/uploads\/2014\/10\/Inversion-Courbe-21-300x200.jpg 300w, https:\/\/www.pierresuchet.com\/Photo\/wp-content\/uploads\/2014\/10\/Inversion-Courbe-21-280x186.jpg 280w\" sizes=\"auto, (max-width: 900px) 100vw, 900px\" \/><\/p>\n<p>Inflation incontr\u00f4l\u00e9e de l&rsquo;usage des oxymores<\/p>\n<p><img loading=\"lazy\" decoding=\"async\" class=\"alignnone size-full wp-image-808\" src=\"https:\/\/www.pierresuchet.com\/Photo\/wp-content\/uploads\/2014\/10\/Inversion-Courbe-22.jpg\" alt=\"Inversion-Courbe-22\" width=\"903\" height=\"600\" srcset=\"https:\/\/www.pierresuchet.com\/Photo\/wp-content\/uploads\/2014\/10\/Inversion-Courbe-22.jpg 903w, https:\/\/www.pierresuchet.com\/Photo\/wp-content\/uploads\/2014\/10\/Inversion-Courbe-22-300x199.jpg 300w, https:\/\/www.pierresuchet.com\/Photo\/wp-content\/uploads\/2014\/10\/Inversion-Courbe-22-280x186.jpg 280w\" sizes=\"auto, (max-width: 903px) 100vw, 903px\" \/><\/p>\n<p>Abandon d\u00e9finitif du Principal Indicateur Bizarre<\/p>\n<p>&nbsp;<\/p>\n","protected":false},"excerpt":{"rendered":"<p>Inversion de la courbe du ch\u00f4mage, retour de la croissance, baisse des d\u00e9penses publiques, hausse de l&rsquo;indice CAC40, &#8230; Nous sommes quotidiennement confront\u00e9s \u00e0 ces indicateurs omni-pr\u00e9sents dans le discours politique. Les mains courantes qui longent les nombreux escaliers des collines de la Croix-Rousse et de Fourvi\u00e8re \u00e0 Lyon m&rsquo;ont donn\u00e9 le pr\u00e9texte pour interroger&#8230;<\/p>\n","protected":false},"author":1,"featured_media":0,"parent":0,"menu_order":0,"comment_status":"open","ping_status":"open","template":"","meta":{"_monsterinsights_skip_tracking":false,"_monsterinsights_sitenote_active":false,"_monsterinsights_sitenote_note":"","_monsterinsights_sitenote_category":0,"ngg_post_thumbnail":0,"footnotes":""},"class_list":["post-795","page","type-page","status-publish","hentry"],"_links":{"self":[{"href":"https:\/\/www.pierresuchet.com\/index.php?rest_route=\/wp\/v2\/pages\/795","targetHints":{"allow":["GET"]}}],"collection":[{"href":"https:\/\/www.pierresuchet.com\/index.php?rest_route=\/wp\/v2\/pages"}],"about":[{"href":"https:\/\/www.pierresuchet.com\/index.php?rest_route=\/wp\/v2\/types\/page"}],"author":[{"embeddable":true,"href":"https:\/\/www.pierresuchet.com\/index.php?rest_route=\/wp\/v2\/users\/1"}],"replies":[{"embeddable":true,"href":"https:\/\/www.pierresuchet.com\/index.php?rest_route=%2Fwp%2Fv2%2Fcomments&post=795"}],"version-history":[{"count":10,"href":"https:\/\/www.pierresuchet.com\/index.php?rest_route=\/wp\/v2\/pages\/795\/revisions"}],"predecessor-version":[{"id":1067,"href":"https:\/\/www.pierresuchet.com\/index.php?rest_route=\/wp\/v2\/pages\/795\/revisions\/1067"}],"wp:attachment":[{"href":"https:\/\/www.pierresuchet.com\/index.php?rest_route=%2Fwp%2Fv2%2Fmedia&parent=795"}],"curies":[{"name":"wp","href":"https:\/\/api.w.org\/{rel}","templated":true}]}}