{"id":904,"date":"2015-04-26T15:43:07","date_gmt":"2015-04-26T13:43:07","guid":{"rendered":"http:\/\/www.pierresuchet.com\/?page_id=904"},"modified":"2017-05-31T20:18:01","modified_gmt":"2017-05-31T18:18:01","slug":"searching-stalker-2","status":"publish","type":"page","link":"https:\/\/www.pierresuchet.com\/?page_id=904","title":{"rendered":"Stalker &#8211; Rep\u00e9rages 2\/2"},"content":{"rendered":"<p>Mes yeux ont cherch\u00e9 un oiseau en vol, une chemin\u00e9e d\u2019usine, un verre d\u2019eau qui tremble sur une table, une draisine \u00e0 l\u2019arr\u00eat, un chien errant, un poteau de ligne t\u00e9l\u00e9phonique, une volute d\u2019encre rouge dans une rivi\u00e8re, un morceau de tissu blanc accroch\u00e9 \u00e0 un gros \u00e9crou, une jeep, un labyrinthe en murs de brique, un isolateur \u00e9lectrique, un portail,\u2026<\/p>\n<p><span data-reactid=\".hz.1:4:1:$comment10206896878169351_10206897145136025:0.0.$right.0.$left.0.0.1\"><span data-ft=\"{&quot;tn&quot;:&quot;K&quot;}\" data-reactid=\".hz.1:4:1:$comment10206896878169351_10206897145136025:0.0.$right.0.$left.0.0.1.$comment-body\"><span class=\"UFICommentBody\" data-reactid=\".hz.1:4:1:$comment10206896878169351_10206897145136025:0.0.$right.0.$left.0.0.1.$comment-body.0\"><span data-reactid=\".hz.1:4:1:$comment10206896878169351_10206897145136025:0.0.$right.0.$left.0.0.1.$comment-body.0.$end:0:$text0:0\">Mes oreilles ont guett\u00e9 un battement d\u2019ailes d\u2019oiseau, un t\u00e9l\u00e9phone qui sonne, un verre qui vibre sur une table, une porte en m\u00e9tal rouill\u00e9 qui grince, le silence infini d\u2019une pierre qui tombe dans un puits,\u2026<\/span><\/span><\/span><\/span><\/p>\n<p>A Tallinn (Estonie), je suis parti \u00e0 la recherche des lieux de tournage du film Stalker, d\u2019Andre\u00ef Tarkovski. A sa sortie au d\u00e9but des ann\u00e9es 80, cet objet cin\u00e9matographique hors-normes avait provoqu\u00e9 en moi un choc esth\u00e9tique profond.<\/p>\n<p>35 ans apr\u00e8s le tournage, j\u2019ai vite r\u00e9alis\u00e9 la difficult\u00e9 de l\u2019exercice. D\u2019abord par la violente lumi\u00e8re de cet \u00e9t\u00e9 2014 sans nuages, qui contrastait avec les atmosph\u00e8res brumeuses et humides du film. Ensuite, par les transformations du paysage urbain soumis depuis plus de 20 ans au souffle constant du lib\u00e9ralisme. Enfin, et surtout, parce que j\u2019ai compris qu\u2019il \u00e9tait illusoire de chercher les traces mat\u00e9rielles d\u2019une construction fictionnelle.<\/p>\n<p>Ma qu\u00eate a alors chang\u00e9 de registre. J\u2019ai cherch\u00e9 les images qui entraient en r\u00e9sonance avec mes souvenirs des sc\u00e8nes clefs du film et avec les questions qu\u2019elles posaient.<\/p>\n<p>&nbsp;<\/p>\n<p><img loading=\"lazy\" decoding=\"async\" class=\"size-full wp-image-905 aligncenter\" src=\"https:\/\/www.pierresuchet.com\/Photo\/wp-content\/uploads\/2015\/04\/Stalker-101.jpg\" alt=\"\" width=\"904\" height=\"600\" srcset=\"https:\/\/www.pierresuchet.com\/Photo\/wp-content\/uploads\/2015\/04\/Stalker-101.jpg 904w, https:\/\/www.pierresuchet.com\/Photo\/wp-content\/uploads\/2015\/04\/Stalker-101-300x199.jpg 300w, https:\/\/www.pierresuchet.com\/Photo\/wp-content\/uploads\/2015\/04\/Stalker-101-280x186.jpg 280w\" sizes=\"auto, (max-width: 904px) 100vw, 904px\" \/><\/p>\n<p>&nbsp;<\/p>\n<p><img loading=\"lazy\" decoding=\"async\" class=\"size-large wp-image-906 aligncenter\" src=\"https:\/\/www.pierresuchet.com\/Photo\/wp-content\/uploads\/2015\/04\/Stalker-111.jpg\" alt=\"Stalker-11\" width=\"902\" height=\"600\" srcset=\"https:\/\/www.pierresuchet.com\/Photo\/wp-content\/uploads\/2015\/04\/Stalker-111.jpg 902w, https:\/\/www.pierresuchet.com\/Photo\/wp-content\/uploads\/2015\/04\/Stalker-111-300x200.jpg 300w, https:\/\/www.pierresuchet.com\/Photo\/wp-content\/uploads\/2015\/04\/Stalker-111-280x186.jpg 280w\" sizes=\"auto, (max-width: 902px) 100vw, 902px\" \/><\/p>\n<p>&nbsp;<\/p>\n<p><img loading=\"lazy\" decoding=\"async\" class=\"size-large wp-image-907 aligncenter\" src=\"https:\/\/www.pierresuchet.com\/Photo\/wp-content\/uploads\/2015\/04\/Stalker-121.jpg\" alt=\"Stalker-12\" width=\"909\" height=\"600\" srcset=\"https:\/\/www.pierresuchet.com\/Photo\/wp-content\/uploads\/2015\/04\/Stalker-121.jpg 909w, https:\/\/www.pierresuchet.com\/Photo\/wp-content\/uploads\/2015\/04\/Stalker-121-300x198.jpg 300w, https:\/\/www.pierresuchet.com\/Photo\/wp-content\/uploads\/2015\/04\/Stalker-121-280x185.jpg 280w\" sizes=\"auto, (max-width: 909px) 100vw, 909px\" \/><\/p>\n<p>&nbsp;<\/p>\n<p><img loading=\"lazy\" decoding=\"async\" class=\"size-large wp-image-908 aligncenter\" src=\"https:\/\/www.pierresuchet.com\/Photo\/wp-content\/uploads\/2015\/04\/Stalker-131.jpg\" alt=\"Stalker-13\" width=\"909\" height=\"600\" srcset=\"https:\/\/www.pierresuchet.com\/Photo\/wp-content\/uploads\/2015\/04\/Stalker-131.jpg 909w, https:\/\/www.pierresuchet.com\/Photo\/wp-content\/uploads\/2015\/04\/Stalker-131-300x198.jpg 300w, https:\/\/www.pierresuchet.com\/Photo\/wp-content\/uploads\/2015\/04\/Stalker-131-280x185.jpg 280w\" sizes=\"auto, (max-width: 909px) 100vw, 909px\" \/><\/p>\n<p>&nbsp;<\/p>\n<p><img loading=\"lazy\" decoding=\"async\" class=\"size-large wp-image-909 aligncenter\" src=\"https:\/\/www.pierresuchet.com\/Photo\/wp-content\/uploads\/2015\/04\/Stalker-141.jpg\" alt=\"Stalker-14\" width=\"909\" height=\"600\" srcset=\"https:\/\/www.pierresuchet.com\/Photo\/wp-content\/uploads\/2015\/04\/Stalker-141.jpg 909w, https:\/\/www.pierresuchet.com\/Photo\/wp-content\/uploads\/2015\/04\/Stalker-141-300x198.jpg 300w, https:\/\/www.pierresuchet.com\/Photo\/wp-content\/uploads\/2015\/04\/Stalker-141-280x185.jpg 280w\" sizes=\"auto, (max-width: 909px) 100vw, 909px\" \/><\/p>\n<p>&nbsp;<\/p>\n<p><img loading=\"lazy\" decoding=\"async\" class=\"size-large wp-image-910 aligncenter\" src=\"https:\/\/www.pierresuchet.com\/Photo\/wp-content\/uploads\/2015\/04\/Stalker-151.jpg\" alt=\"Stalker-15\" width=\"890\" height=\"600\" srcset=\"https:\/\/www.pierresuchet.com\/Photo\/wp-content\/uploads\/2015\/04\/Stalker-151.jpg 890w, https:\/\/www.pierresuchet.com\/Photo\/wp-content\/uploads\/2015\/04\/Stalker-151-300x202.jpg 300w, https:\/\/www.pierresuchet.com\/Photo\/wp-content\/uploads\/2015\/04\/Stalker-151-280x189.jpg 280w\" sizes=\"auto, (max-width: 890px) 100vw, 890px\" \/><\/p>\n<p>&nbsp;<\/p>\n<p><img loading=\"lazy\" decoding=\"async\" class=\"size-large wp-image-911 aligncenter\" src=\"https:\/\/www.pierresuchet.com\/Photo\/wp-content\/uploads\/2015\/04\/Stalker-161.jpg\" alt=\"Stalker-16\" width=\"912\" height=\"600\" srcset=\"https:\/\/www.pierresuchet.com\/Photo\/wp-content\/uploads\/2015\/04\/Stalker-161.jpg 912w, https:\/\/www.pierresuchet.com\/Photo\/wp-content\/uploads\/2015\/04\/Stalker-161-300x197.jpg 300w, https:\/\/www.pierresuchet.com\/Photo\/wp-content\/uploads\/2015\/04\/Stalker-161-280x184.jpg 280w\" sizes=\"auto, (max-width: 912px) 100vw, 912px\" \/><\/p>\n<p>&nbsp;<\/p>\n<p><img loading=\"lazy\" decoding=\"async\" class=\"size-large wp-image-912 aligncenter\" src=\"https:\/\/www.pierresuchet.com\/Photo\/wp-content\/uploads\/2015\/04\/Stalker-171.jpg\" alt=\"Stalker-17\" width=\"902\" height=\"600\" srcset=\"https:\/\/www.pierresuchet.com\/Photo\/wp-content\/uploads\/2015\/04\/Stalker-171.jpg 902w, https:\/\/www.pierresuchet.com\/Photo\/wp-content\/uploads\/2015\/04\/Stalker-171-300x200.jpg 300w, https:\/\/www.pierresuchet.com\/Photo\/wp-content\/uploads\/2015\/04\/Stalker-171-280x186.jpg 280w\" sizes=\"auto, (max-width: 902px) 100vw, 902px\" \/><\/p>\n<p>&nbsp;<\/p>\n<p><img loading=\"lazy\" decoding=\"async\" class=\"size-large wp-image-913 aligncenter\" src=\"https:\/\/www.pierresuchet.com\/Photo\/wp-content\/uploads\/2015\/04\/Stalker-181.jpg\" alt=\"Stalker-18\" width=\"900\" height=\"600\" srcset=\"https:\/\/www.pierresuchet.com\/Photo\/wp-content\/uploads\/2015\/04\/Stalker-181.jpg 900w, https:\/\/www.pierresuchet.com\/Photo\/wp-content\/uploads\/2015\/04\/Stalker-181-300x200.jpg 300w, https:\/\/www.pierresuchet.com\/Photo\/wp-content\/uploads\/2015\/04\/Stalker-181-280x187.jpg 280w\" sizes=\"auto, (max-width: 900px) 100vw, 900px\" \/><\/p>\n<p>&nbsp;<\/p>\n<p><img loading=\"lazy\" decoding=\"async\" class=\"size-large wp-image-914 aligncenter\" src=\"https:\/\/www.pierresuchet.com\/Photo\/wp-content\/uploads\/2015\/04\/Stalker-191.jpg\" alt=\"Stalker-19\" width=\"913\" height=\"600\" srcset=\"https:\/\/www.pierresuchet.com\/Photo\/wp-content\/uploads\/2015\/04\/Stalker-191.jpg 913w, https:\/\/www.pierresuchet.com\/Photo\/wp-content\/uploads\/2015\/04\/Stalker-191-300x197.jpg 300w, https:\/\/www.pierresuchet.com\/Photo\/wp-content\/uploads\/2015\/04\/Stalker-191-280x184.jpg 280w\" sizes=\"auto, (max-width: 913px) 100vw, 913px\" \/><\/p>\n<p>&nbsp;<\/p>\n<p>&nbsp;<\/p>\n","protected":false},"excerpt":{"rendered":"<p>Mes yeux ont cherch\u00e9 un oiseau en vol, une chemin\u00e9e d\u2019usine, un verre d\u2019eau qui tremble sur une table, une draisine \u00e0 l\u2019arr\u00eat, un chien errant, un poteau de ligne t\u00e9l\u00e9phonique, une volute d\u2019encre rouge dans une rivi\u00e8re, un morceau de tissu blanc accroch\u00e9 \u00e0 un gros \u00e9crou, une jeep, un labyrinthe en murs de&#8230;<\/p>\n","protected":false},"author":1,"featured_media":0,"parent":0,"menu_order":0,"comment_status":"closed","ping_status":"open","template":"","meta":{"_monsterinsights_skip_tracking":false,"_monsterinsights_sitenote_active":false,"_monsterinsights_sitenote_note":"","_monsterinsights_sitenote_category":0,"ngg_post_thumbnail":0,"footnotes":""},"class_list":["post-904","page","type-page","status-publish","hentry"],"_links":{"self":[{"href":"https:\/\/www.pierresuchet.com\/index.php?rest_route=\/wp\/v2\/pages\/904","targetHints":{"allow":["GET"]}}],"collection":[{"href":"https:\/\/www.pierresuchet.com\/index.php?rest_route=\/wp\/v2\/pages"}],"about":[{"href":"https:\/\/www.pierresuchet.com\/index.php?rest_route=\/wp\/v2\/types\/page"}],"author":[{"embeddable":true,"href":"https:\/\/www.pierresuchet.com\/index.php?rest_route=\/wp\/v2\/users\/1"}],"replies":[{"embeddable":true,"href":"https:\/\/www.pierresuchet.com\/index.php?rest_route=%2Fwp%2Fv2%2Fcomments&post=904"}],"version-history":[{"count":5,"href":"https:\/\/www.pierresuchet.com\/index.php?rest_route=\/wp\/v2\/pages\/904\/revisions"}],"predecessor-version":[{"id":1268,"href":"https:\/\/www.pierresuchet.com\/index.php?rest_route=\/wp\/v2\/pages\/904\/revisions\/1268"}],"wp:attachment":[{"href":"https:\/\/www.pierresuchet.com\/index.php?rest_route=%2Fwp%2Fv2%2Fmedia&parent=904"}],"curies":[{"name":"wp","href":"https:\/\/api.w.org\/{rel}","templated":true}]}}